{"id":14268,"date":"2025-10-09T09:49:20","date_gmt":"2025-10-09T09:49:20","guid":{"rendered":"http:\/\/hexexist.com\/product\/complianz-gdpr-ccpa-cerez-onayi\/"},"modified":"2025-10-09T09:49:20","modified_gmt":"2025-10-09T09:49:20","slug":"complianz-gdpr-ccpa-cerez-onayi","status":"publish","type":"product","link":"https:\/\/hexexist.com\/tr\/urun\/complianz-gdpr-ccpa-cerez-onayi\/","title":{"rendered":"Complianz GDPR\/CCPA \u00c7erez Onay\u0131"},"content":{"rendered":"<p>Complianz, GDPR, ePrivacy, DSGVO, TTDSG, LGPD, POPIA, APA, RGPD, CCPA\/CPRA ve PIPEDA&#8217;y\u0131 ko\u015fullu bir \u00c7erez Onay\u0131 Banner&#8217;\u0131 ve yerle\u015fik \u00c7erez Taramas\u0131 sonu\u00e7lar\u0131na g\u00f6re \u00f6zelle\u015ftirilmi\u015f \u00c7erez Politikas\u0131 ile destekleyen bir GDPR\/CCPA \u00c7erez Banner eklentisidir.<\/p>\n","protected":false},"excerpt":{"rendered":"<p>Complianz, GDPR, ePrivacy, DSGVO, TTDSG, LGPD, POPIA, APA, RGPD, CCPA\/CPRA ve PIPEDA&#8217;y\u0131 ko\u015fullu bir \u00c7erez Onay\u0131 Banner&#8217;\u0131 ve yerle\u015fik \u00c7erez Taramas\u0131 sonu\u00e7lar\u0131na g\u00f6re \u00f6zelle\u015ftirilmi\u015f \u00c7erez Politikas\u0131 ile destekleyen bir GDPR\/CCPA \u00c7erez Banner eklentisidir.<\/p>\n","protected":false},"featured_media":12870,"comment_status":"open","ping_status":"closed","template":"","meta":[],"product_brand":[],"product_cat":[1413],"product_tag":[1644,1462,1460,2050,1464],"class_list":{"0":"post-14268","1":"product","2":"type-product","3":"status-publish","4":"has-post-thumbnail","6":"product_cat-eklentiler","7":"product_tag-cerez-bildirimi","8":"product_tag-gdpr-tr","9":"product_tag-kurabiye","10":"product_tag-mahremiyet","11":"product_tag-riza","13":"first","14":"instock","15":"downloadable","16":"virtual","17":"product-type-simple"},"_links":{"self":[{"href":"https:\/\/hexexist.com\/tr\/wp-json\/wp\/v2\/product\/14268","targetHints":{"allow":["GET"]}}],"collection":[{"href":"https:\/\/hexexist.com\/tr\/wp-json\/wp\/v2\/product"}],"about":[{"href":"https:\/\/hexexist.com\/tr\/wp-json\/wp\/v2\/types\/product"}],"replies":[{"embeddable":true,"href":"https:\/\/hexexist.com\/tr\/wp-json\/wp\/v2\/comments?post=14268"}],"wp:featuredmedia":[{"embeddable":true,"href":"https:\/\/hexexist.com\/tr\/wp-json\/wp\/v2\/media\/12870"}],"wp:attachment":[{"href":"https:\/\/hexexist.com\/tr\/wp-json\/wp\/v2\/media?parent=14268"}],"wp:term":[{"taxonomy":"product_brand","embeddable":true,"href":"https:\/\/hexexist.com\/tr\/wp-json\/wp\/v2\/product_brand?post=14268"},{"taxonomy":"product_cat","embeddable":true,"href":"https:\/\/hexexist.com\/tr\/wp-json\/wp\/v2\/product_cat?post=14268"},{"taxonomy":"product_tag","embeddable":true,"href":"https:\/\/hexexist.com\/tr\/wp-json\/wp\/v2\/product_tag?post=14268"}],"curies":[{"name":"wp","href":"https:\/\/api.w.org\/{rel}","templated":true}]}}