{"id":14269,"date":"2025-10-09T09:49:20","date_gmt":"2025-10-09T09:49:20","guid":{"rendered":"http:\/\/hexexist.com\/product\/smash-balloon-sosyal-fotograf-beslemesi-kolay-sosyal-beslemeler-eklentisi\/"},"modified":"2025-10-09T09:49:20","modified_gmt":"2025-10-09T09:49:20","slug":"smash-balloon-sosyal-fotograf-beslemesi-kolay-sosyal-beslemeler-eklentisi","status":"publish","type":"product","link":"https:\/\/hexexist.com\/tr\/urun\/smash-balloon-sosyal-fotograf-beslemesi-kolay-sosyal-beslemeler-eklentisi\/","title":{"rendered":"Smash Balloon Sosyal Foto\u011fraf Beslemesi Kolay Sosyal Beslemeler Eklentisi"},"content":{"rendered":"<p>WordPress i\u00e7in en g\u00fc\u00e7l\u00fc ve kullan\u0131m\u0131 en kolay Instagram eklentisi olan Smash Balloon Social Photo Feed, Instagram beslemelerini yaln\u0131zca birka\u00e7 t\u0131klamayla olu\u015fturman\u0131za, \u00f6zelle\u015ftirmenize ve web sitenize yerle\u015ftirmenize yard\u0131mc\u0131 olur! Kesinlikle kodlama gerektirmez. <\/p>\n","protected":false},"excerpt":{"rendered":"<p>WordPress i\u00e7in en g\u00fc\u00e7l\u00fc ve kullan\u0131m\u0131 en kolay Instagram eklentisi olan Smash Balloon Social Photo Feed, Instagram beslemelerini yaln\u0131zca birka\u00e7 t\u0131klamayla olu\u015fturman\u0131za, \u00f6zelle\u015ftirmenize ve web sitenize yerle\u015ftirmenize yard\u0131mc\u0131 olur! Kesinlikle kodlama gerektirmez.<\/p>\n","protected":false},"featured_media":12875,"comment_status":"open","ping_status":"closed","template":"","meta":[],"product_brand":[],"product_cat":[1413],"product_tag":[1729,1731,2691,1732,1735],"class_list":{"0":"post-14269","1":"product","2":"type-product","3":"status-publish","4":"has-post-thumbnail","6":"product_cat-eklentiler","7":"product_tag-instagram-tr","8":"product_tag-instagram-akisi","9":"product_tag-instagram-fotograflari","10":"product_tag-instagram-galerisi","11":"product_tag-instagram-widgeti","13":"first","14":"instock","15":"downloadable","16":"virtual","17":"product-type-simple"},"_links":{"self":[{"href":"https:\/\/hexexist.com\/tr\/wp-json\/wp\/v2\/product\/14269","targetHints":{"allow":["GET"]}}],"collection":[{"href":"https:\/\/hexexist.com\/tr\/wp-json\/wp\/v2\/product"}],"about":[{"href":"https:\/\/hexexist.com\/tr\/wp-json\/wp\/v2\/types\/product"}],"replies":[{"embeddable":true,"href":"https:\/\/hexexist.com\/tr\/wp-json\/wp\/v2\/comments?post=14269"}],"wp:featuredmedia":[{"embeddable":true,"href":"https:\/\/hexexist.com\/tr\/wp-json\/wp\/v2\/media\/12875"}],"wp:attachment":[{"href":"https:\/\/hexexist.com\/tr\/wp-json\/wp\/v2\/media?parent=14269"}],"wp:term":[{"taxonomy":"product_brand","embeddable":true,"href":"https:\/\/hexexist.com\/tr\/wp-json\/wp\/v2\/product_brand?post=14269"},{"taxonomy":"product_cat","embeddable":true,"href":"https:\/\/hexexist.com\/tr\/wp-json\/wp\/v2\/product_cat?post=14269"},{"taxonomy":"product_tag","embeddable":true,"href":"https:\/\/hexexist.com\/tr\/wp-json\/wp\/v2\/product_tag?post=14269"}],"curies":[{"name":"wp","href":"https:\/\/api.w.org\/{rel}","templated":true}]}}