{"id":14270,"date":"2025-10-09T09:49:20","date_gmt":"2025-10-09T09:49:20","guid":{"rendered":"http:\/\/hexexist.com\/product\/kod-parcaciklari\/"},"modified":"2025-10-09T09:49:20","modified_gmt":"2025-10-09T09:49:20","slug":"kod-parcaciklari","status":"publish","type":"product","link":"https:\/\/hexexist.com\/tr\/urun\/kod-parcaciklari\/","title":{"rendered":"Kod Par\u00e7ac\u0131klar\u0131"},"content":{"rendered":"<p>\u2702 Kod Par\u00e7ac\u0131klar\u0131, WordPress sitenizi geli\u015ftirmek i\u00e7in zahmetsiz bir yol sa\u011flar.<\/p>\n","protected":false},"excerpt":{"rendered":"<p>\u2702 Kod Par\u00e7ac\u0131klar\u0131, WordPress sitenizi geli\u015ftirmek i\u00e7in zahmetsiz bir yol sa\u011flar.<\/p>\n","protected":false},"featured_media":12869,"comment_status":"open","ping_status":"closed","template":"","meta":[],"product_brand":[],"product_cat":[1413],"product_tag":[1522,1808,2408,1425,1809],"class_list":{"0":"post-14270","1":"product","2":"type-product","3":"status-publish","4":"has-post-thumbnail","6":"product_cat-eklentiler","7":"product_tag-css-tr","8":"product_tag-kod","9":"product_tag-multisite-tr","10":"product_tag-php-tr","11":"product_tag-snippets-tr","13":"first","14":"instock","15":"downloadable","16":"virtual","17":"product-type-simple"},"_links":{"self":[{"href":"https:\/\/hexexist.com\/tr\/wp-json\/wp\/v2\/product\/14270","targetHints":{"allow":["GET"]}}],"collection":[{"href":"https:\/\/hexexist.com\/tr\/wp-json\/wp\/v2\/product"}],"about":[{"href":"https:\/\/hexexist.com\/tr\/wp-json\/wp\/v2\/types\/product"}],"replies":[{"embeddable":true,"href":"https:\/\/hexexist.com\/tr\/wp-json\/wp\/v2\/comments?post=14270"}],"wp:featuredmedia":[{"embeddable":true,"href":"https:\/\/hexexist.com\/tr\/wp-json\/wp\/v2\/media\/12869"}],"wp:attachment":[{"href":"https:\/\/hexexist.com\/tr\/wp-json\/wp\/v2\/media?parent=14270"}],"wp:term":[{"taxonomy":"product_brand","embeddable":true,"href":"https:\/\/hexexist.com\/tr\/wp-json\/wp\/v2\/product_brand?post=14270"},{"taxonomy":"product_cat","embeddable":true,"href":"https:\/\/hexexist.com\/tr\/wp-json\/wp\/v2\/product_cat?post=14270"},{"taxonomy":"product_tag","embeddable":true,"href":"https:\/\/hexexist.com\/tr\/wp-json\/wp\/v2\/product_tag?post=14270"}],"curies":[{"name":"wp","href":"https:\/\/api.w.org\/{rel}","templated":true}]}}