{"id":14271,"date":"2025-10-09T09:49:20","date_gmt":"2025-10-09T09:49:20","guid":{"rendered":"http:\/\/hexexist.com\/product\/goruntu-optimize-edici-goruntuleri-optimize-edin-ve-webp-veya-avife-donusturun\/"},"modified":"2025-10-09T09:49:20","modified_gmt":"2025-10-09T09:49:20","slug":"goruntu-optimize-edici-goruntuleri-optimize-edin-ve-webp-veya-avife-donusturun","status":"publish","type":"product","link":"https:\/\/hexexist.com\/tr\/urun\/goruntu-optimize-edici-goruntuleri-optimize-edin-ve-webp-veya-avife-donusturun\/","title":{"rendered":"G\u00f6r\u00fcnt\u00fc Optimize Edici G\u00f6r\u00fcnt\u00fcleri Optimize Edin ve WebP veya AVIF&#8217;e D\u00f6n\u00fc\u015ft\u00fcr\u00fcn"},"content":{"rendered":"<p>Image Optimizer, \u00e7e\u015fitli s\u0131k\u0131\u015ft\u0131rma ve yeniden boyutland\u0131rma teknikleriyle g\u00f6r\u00fcnt\u00fc boyutunu k\u00fc\u00e7\u00fclten ve m\u00fcmk\u00fcn olan en y\u00fcksek g\u00f6r\u00fcnt\u00fc kalitesini koruyan, kullan\u0131m\u0131 kolay bir WordPress eklentisidir. Image Optimizer JPEG, PNG, WebP, AVIF ve GIF dahil olmak \u00fczere bir\u00e7ok pop\u00fcler format\u0131 destekler.  <\/p>\n","protected":false},"excerpt":{"rendered":"<p>Image Optimizer, \u00e7e\u015fitli s\u0131k\u0131\u015ft\u0131rma ve yeniden boyutland\u0131rma teknikleriyle g\u00f6r\u00fcnt\u00fc boyutunu k\u00fc\u00e7\u00fclten ve m\u00fcmk\u00fcn olan en y\u00fcksek g\u00f6r\u00fcnt\u00fc kalitesini koruyan, kullan\u0131m\u0131 kolay bir WordPress eklentisidir. Image Optimizer JPEG, PNG, WebP, AVIF ve GIF dahil olmak \u00fczere bir\u00e7ok pop\u00fcler format\u0131 destekler.<\/p>\n","protected":false},"featured_media":12874,"comment_status":"open","ping_status":"closed","template":"","meta":[],"product_brand":[],"product_cat":[1413],"product_tag":[2692,2176,2693,1469,2405],"class_list":{"0":"post-14271","1":"product","2":"type-product","3":"status-publish","4":"has-post-thumbnail","6":"product_cat-eklentiler","7":"product_tag-avif-donusturme","8":"product_tag-goruntu-optimizasyonu","9":"product_tag-goruntu-sikistirma","10":"product_tag-performans","11":"product_tag-webp-donusturmek","13":"first","14":"instock","15":"downloadable","16":"virtual","17":"product-type-simple"},"_links":{"self":[{"href":"https:\/\/hexexist.com\/tr\/wp-json\/wp\/v2\/product\/14271","targetHints":{"allow":["GET"]}}],"collection":[{"href":"https:\/\/hexexist.com\/tr\/wp-json\/wp\/v2\/product"}],"about":[{"href":"https:\/\/hexexist.com\/tr\/wp-json\/wp\/v2\/types\/product"}],"replies":[{"embeddable":true,"href":"https:\/\/hexexist.com\/tr\/wp-json\/wp\/v2\/comments?post=14271"}],"wp:featuredmedia":[{"embeddable":true,"href":"https:\/\/hexexist.com\/tr\/wp-json\/wp\/v2\/media\/12874"}],"wp:attachment":[{"href":"https:\/\/hexexist.com\/tr\/wp-json\/wp\/v2\/media?parent=14271"}],"wp:term":[{"taxonomy":"product_brand","embeddable":true,"href":"https:\/\/hexexist.com\/tr\/wp-json\/wp\/v2\/product_brand?post=14271"},{"taxonomy":"product_cat","embeddable":true,"href":"https:\/\/hexexist.com\/tr\/wp-json\/wp\/v2\/product_cat?post=14271"},{"taxonomy":"product_tag","embeddable":true,"href":"https:\/\/hexexist.com\/tr\/wp-json\/wp\/v2\/product_tag?post=14271"}],"curies":[{"name":"wp","href":"https:\/\/api.w.org\/{rel}","templated":true}]}}