{"id":14272,"date":"2025-10-09T09:49:21","date_gmt":"2025-10-09T09:49:21","guid":{"rendered":"http:\/\/hexexist.com\/product\/blok-duzenleyici-icin-spectra-gutenberg-bloklari-web-sitesi-olusturucu\/"},"modified":"2025-10-09T09:49:21","modified_gmt":"2025-10-09T09:49:21","slug":"blok-duzenleyici-icin-spectra-gutenberg-bloklari-web-sitesi-olusturucu","status":"publish","type":"product","link":"https:\/\/hexexist.com\/tr\/urun\/blok-duzenleyici-icin-spectra-gutenberg-bloklari-web-sitesi-olusturucu\/","title":{"rendered":"Blok D\u00fczenleyici i\u00e7in Spectra Gutenberg Bloklar\u0131 Web Sitesi Olu\u015fturucu"},"content":{"rendered":"<p>SPECTRA WEB SITESI OLU\u015eTURUCU WORDPRESS BLOK D\u00dcZENLEYICISINI SAYFA D\u00dcZENLEME \u00d6ZELLIKLERIYLE GENI\u015eLETMEK I\u00c7IN EN IYI GUTENBERG BLOKLARI EKLENTISI, 30+ \u00dcCRETSIZ \u00d6ZELLE\u015eTIRILEBILIR BLOK, YAKINDA MODU, A\u00c7ILIR PENCERE OLU\u015eTURUCU<\/p>\n","protected":false},"excerpt":{"rendered":"<p>SPECTRA WEB SITESI OLU\u015eTURUCU WORDPRESS BLOK D\u00dcZENLEYICISINI SAYFA D\u00dcZENLEME \u00d6ZELLIKLERIYLE GENI\u015eLETMEK I\u00c7IN EN IYI GUTENBERG BLOKLARI EKLENTISI, 30+ \u00dcCRETSIZ \u00d6ZELLE\u015eTIRILEBILIR BLOK, YAKINDA MODU, A\u00c7ILIR PENCERE OLU\u015eTURUCU<\/p>\n","protected":false},"featured_media":12882,"comment_status":"open","ping_status":"closed","template":"","meta":[],"product_brand":[],"product_cat":[1413],"product_tag":[1773,1529,1771,1526,2205],"class_list":{"0":"post-14272","1":"product","2":"type-product","3":"status-publish","4":"has-post-thumbnail","6":"product_cat-eklentiler","7":"product_tag-block-tr","8":"product_tag-bloklar","9":"product_tag-editor-tr","10":"product_tag-gutenberg-tr","11":"product_tag-gutenberg-bloklari","13":"first","14":"instock","15":"downloadable","16":"virtual","17":"product-type-simple"},"_links":{"self":[{"href":"https:\/\/hexexist.com\/tr\/wp-json\/wp\/v2\/product\/14272","targetHints":{"allow":["GET"]}}],"collection":[{"href":"https:\/\/hexexist.com\/tr\/wp-json\/wp\/v2\/product"}],"about":[{"href":"https:\/\/hexexist.com\/tr\/wp-json\/wp\/v2\/types\/product"}],"replies":[{"embeddable":true,"href":"https:\/\/hexexist.com\/tr\/wp-json\/wp\/v2\/comments?post=14272"}],"wp:featuredmedia":[{"embeddable":true,"href":"https:\/\/hexexist.com\/tr\/wp-json\/wp\/v2\/media\/12882"}],"wp:attachment":[{"href":"https:\/\/hexexist.com\/tr\/wp-json\/wp\/v2\/media?parent=14272"}],"wp:term":[{"taxonomy":"product_brand","embeddable":true,"href":"https:\/\/hexexist.com\/tr\/wp-json\/wp\/v2\/product_brand?post=14272"},{"taxonomy":"product_cat","embeddable":true,"href":"https:\/\/hexexist.com\/tr\/wp-json\/wp\/v2\/product_cat?post=14272"},{"taxonomy":"product_tag","embeddable":true,"href":"https:\/\/hexexist.com\/tr\/wp-json\/wp\/v2\/product_tag?post=14272"}],"curies":[{"name":"wp","href":"https:\/\/api.w.org\/{rel}","templated":true}]}}