{"id":14273,"date":"2025-10-09T09:49:20","date_gmt":"2025-10-09T09:49:20","guid":{"rendered":"http:\/\/hexexist.com\/product\/google-icin-xml-site-haritasi-olusturucu\/"},"modified":"2025-10-09T09:49:20","modified_gmt":"2025-10-09T09:49:20","slug":"google-icin-xml-site-haritasi-olusturucu","status":"publish","type":"product","link":"https:\/\/hexexist.com\/tr\/urun\/google-icin-xml-site-haritasi-olusturucu\/","title":{"rendered":"Google i\u00e7in XML Site Haritas\u0131 Olu\u015fturucu"},"content":{"rendered":"<p>XML Sitemap Generator for Google&#8217;\u0131 kullanarak web siteniz i\u00e7in XML ve HTML site haritalar\u0131n\u0131 kolayl\u0131kla olu\u015fturun. Bu eklenti sayfa, resim, haber, video, HTML ve RSS site haritalar\u0131 olu\u015fturarak SEO s\u0131ralaman\u0131z\u0131 iyile\u015ftirmenizi sa\u011flar. Ayr\u0131ca \u00f6zel g\u00f6nderi t\u00fcrlerini ve taksonomileri destekleyerek t\u00fcm i\u00e7eri\u011finizin arama motorlar\u0131 taraf\u0131ndan indekslendi\u011finden emin olman\u0131z\u0131 sa\u011flar. Kullan\u0131c\u0131 dostu aray\u00fcz\u00fc sayesinde eklentiyi ihtiya\u00e7lar\u0131n\u0131za g\u00f6re kolayca yap\u0131land\u0131rabilir ve yaln\u0131zca birka\u00e7 t\u0131klamayla site haritalar\u0131 olu\u015fturabilirsiniz. XML Sitemap Generator for Google&#8217;\u0131 kullanarak web sitenizi g\u00fcncel tutun ve arama motorlar\u0131n\u0131n t\u00fcm i\u00e7eri\u011finizden haberdar oldu\u011fundan emin olun.    <\/p>\n","protected":false},"excerpt":{"rendered":"<p>XML Sitemap Generator for Google&#8217;\u0131 kullanarak web siteniz i\u00e7in XML ve HTML site haritalar\u0131n\u0131 kolayl\u0131kla olu\u015fturun. Bu eklenti sayfa, resim, haber, video, HTML ve RSS site haritalar\u0131 olu\u015fturarak SEO s\u0131ralaman\u0131z\u0131 iyile\u015ftirmenizi sa\u011flar. Ayr\u0131ca \u00f6zel g\u00f6nderi t\u00fcrlerini ve taksonomileri destekleyerek t\u00fcm i\u00e7eri\u011finizin arama motorlar\u0131 taraf\u0131ndan indekslendi\u011finden emin olman\u0131z\u0131 sa\u011flar. Kullan\u0131c\u0131 dostu aray\u00fcz\u00fc sayesinde eklentiyi ihtiya\u00e7lar\u0131n\u0131za g\u00f6re [&hellip;]<\/p>\n","protected":false},"featured_media":12873,"comment_status":"open","ping_status":"closed","template":"","meta":[],"product_brand":[],"product_cat":[1413],"product_tag":[2694,2338,1583,2695,2242],"class_list":{"0":"post-14273","1":"product","2":"type-product","3":"status-publish","4":"has-post-thumbnail","6":"product_cat-eklentiler","7":"product_tag-haber-site-haritasi","8":"product_tag-html-site-haritasi","9":"product_tag-seo-tr","10":"product_tag-video-site-haritasi","11":"product_tag-xml-site-haritasi","13":"first","14":"instock","15":"downloadable","16":"virtual","17":"product-type-simple"},"_links":{"self":[{"href":"https:\/\/hexexist.com\/tr\/wp-json\/wp\/v2\/product\/14273","targetHints":{"allow":["GET"]}}],"collection":[{"href":"https:\/\/hexexist.com\/tr\/wp-json\/wp\/v2\/product"}],"about":[{"href":"https:\/\/hexexist.com\/tr\/wp-json\/wp\/v2\/types\/product"}],"replies":[{"embeddable":true,"href":"https:\/\/hexexist.com\/tr\/wp-json\/wp\/v2\/comments?post=14273"}],"wp:featuredmedia":[{"embeddable":true,"href":"https:\/\/hexexist.com\/tr\/wp-json\/wp\/v2\/media\/12873"}],"wp:attachment":[{"href":"https:\/\/hexexist.com\/tr\/wp-json\/wp\/v2\/media?parent=14273"}],"wp:term":[{"taxonomy":"product_brand","embeddable":true,"href":"https:\/\/hexexist.com\/tr\/wp-json\/wp\/v2\/product_brand?post=14273"},{"taxonomy":"product_cat","embeddable":true,"href":"https:\/\/hexexist.com\/tr\/wp-json\/wp\/v2\/product_cat?post=14273"},{"taxonomy":"product_tag","embeddable":true,"href":"https:\/\/hexexist.com\/tr\/wp-json\/wp\/v2\/product_tag?post=14273"}],"curies":[{"name":"wp","href":"https:\/\/api.w.org\/{rel}","templated":true}]}}