{"id":14274,"date":"2025-10-09T09:49:21","date_gmt":"2025-10-09T09:49:21","guid":{"rendered":"http:\/\/hexexist.com\/product\/bakim\/"},"modified":"2025-10-09T09:49:21","modified_gmt":"2025-10-09T09:49:21","slug":"bakim","status":"publish","type":"product","link":"https:\/\/hexexist.com\/tr\/urun\/bakim\/","title":{"rendered":"Bak\u0131m"},"content":{"rendered":"<p>Bak\u0131m eklentisi, WordPress site y\u00f6neticisinin web sitesini bak\u0131m i\u00e7in kapatmas\u0131na, ?503 Service temporarily unavailable? \u00f6zelli\u011fini etkinle\u015ftirmesine, eklenti ayarlar\u0131 arac\u0131l\u0131\u011f\u0131yla d\u00fczenlenebilen yetkilendirme ile ge\u00e7ici bir sayfa ayarlamas\u0131na olanak tan\u0131r. T\u00fcm cihazlarda iyi g\u00f6r\u00fcn\u00fcm\u00fc kolayca \u00f6zelle\u015ftirin. Logonuzu, arka plan resminizi ekleyin, istedi\u011finiz rengi se\u00e7in, metin ekleyin. Bak\u0131m, AB GDPR uyumlulu\u011fu i\u00e7in Bunny Fonts kullan\u0131r.<\/p>\n","protected":false},"excerpt":{"rendered":"<p>Bak\u0131m eklentisi, WordPress site y\u00f6neticisinin web sitesini bak\u0131m i\u00e7in kapatmas\u0131na, ?503 Service temporarily unavailable? \u00f6zelli\u011fini etkinle\u015ftirmesine, eklenti ayarlar\u0131 arac\u0131l\u0131\u011f\u0131yla d\u00fczenlenebilen yetkilendirme ile ge\u00e7ici bir sayfa ayarlamas\u0131na olanak tan\u0131r. T\u00fcm cihazlarda iyi g\u00f6r\u00fcn\u00fcm\u00fc kolayca \u00f6zelle\u015ftirin. Logonuzu, arka plan resminizi ekleyin, istedi\u011finiz rengi se\u00e7in, metin ekleyin. Bak\u0131m, AB GDPR uyumlulu\u011fu i\u00e7in Bunny Fonts kullan\u0131r.<\/p>\n","protected":false},"featured_media":12876,"comment_status":"open","ping_status":"closed","template":"","meta":[],"product_brand":[],"product_cat":[1413],"product_tag":[2687,1857,2696,1854,1856],"class_list":{"0":"post-14274","1":"product","2":"type-product","3":"status-publish","4":"has-post-thumbnail","6":"product_cat-eklentiler","7":"product_tag-bakim","8":"product_tag-bakim-modu","9":"product_tag-bakim-sayfasi","10":"product_tag-cok-yakinda","11":"product_tag-cok-yakinda-sayfasi","13":"first","14":"instock","15":"downloadable","16":"virtual","17":"product-type-simple"},"_links":{"self":[{"href":"https:\/\/hexexist.com\/tr\/wp-json\/wp\/v2\/product\/14274","targetHints":{"allow":["GET"]}}],"collection":[{"href":"https:\/\/hexexist.com\/tr\/wp-json\/wp\/v2\/product"}],"about":[{"href":"https:\/\/hexexist.com\/tr\/wp-json\/wp\/v2\/types\/product"}],"replies":[{"embeddable":true,"href":"https:\/\/hexexist.com\/tr\/wp-json\/wp\/v2\/comments?post=14274"}],"wp:featuredmedia":[{"embeddable":true,"href":"https:\/\/hexexist.com\/tr\/wp-json\/wp\/v2\/media\/12876"}],"wp:attachment":[{"href":"https:\/\/hexexist.com\/tr\/wp-json\/wp\/v2\/media?parent=14274"}],"wp:term":[{"taxonomy":"product_brand","embeddable":true,"href":"https:\/\/hexexist.com\/tr\/wp-json\/wp\/v2\/product_brand?post=14274"},{"taxonomy":"product_cat","embeddable":true,"href":"https:\/\/hexexist.com\/tr\/wp-json\/wp\/v2\/product_cat?post=14274"},{"taxonomy":"product_tag","embeddable":true,"href":"https:\/\/hexexist.com\/tr\/wp-json\/wp\/v2\/product_tag?post=14274"}],"curies":[{"name":"wp","href":"https:\/\/api.w.org\/{rel}","templated":true}]}}