{"id":14276,"date":"2025-10-09T09:49:22","date_gmt":"2025-10-09T09:49:22","guid":{"rendered":"http:\/\/hexexist.com\/product\/smush-goruntu-optimizasyonu-goruntuleri-optimize-et-goruntuleri-sikistir-ve-tembel-yukle-webp-ve-avif-donustur-goruntu-cdn\/"},"modified":"2025-10-09T09:49:22","modified_gmt":"2025-10-09T09:49:22","slug":"smush-goruntu-optimizasyonu-goruntuleri-optimize-et-goruntuleri-sikistir-ve-tembel-yukle-webp-ve-avif-donustur-goruntu-cdn","status":"publish","type":"product","link":"https:\/\/hexexist.com\/tr\/urun\/smush-goruntu-optimizasyonu-goruntuleri-optimize-et-goruntuleri-sikistir-ve-tembel-yukle-webp-ve-avif-donustur-goruntu-cdn\/","title":{"rendered":"Smush G\u00f6r\u00fcnt\u00fc Optimizasyonu G\u00f6r\u00fcnt\u00fcleri Optimize Et | G\u00f6r\u00fcnt\u00fcleri S\u0131k\u0131\u015ft\u0131r ve Tembel Y\u00fckle | WebP ve AVIF D\u00f6n\u00fc\u015ft\u00fcr | G\u00f6r\u00fcnt\u00fc CDN"},"content":{"rendered":"<p>Smush, web sayfalar\u0131n\u0131n daha h\u0131zl\u0131 y\u00fcklenmesi i\u00e7in g\u00f6r\u00fcnt\u00fcleri optimize eden, yeniden boyutland\u0131ran ve s\u0131k\u0131\u015ft\u0131ran, ayr\u0131ca g\u00f6r\u00fcnt\u00fcleri WebP veya AVIF format\u0131na d\u00f6n\u00fc\u015ft\u00fcren lider g\u00f6r\u00fcnt\u00fc optimizasyon eklentisidir.<\/p>\n","protected":false},"excerpt":{"rendered":"<p>Smush, web sayfalar\u0131n\u0131n daha h\u0131zl\u0131 y\u00fcklenmesi i\u00e7in g\u00f6r\u00fcnt\u00fcleri optimize eden, yeniden boyutland\u0131ran ve s\u0131k\u0131\u015ft\u0131ran, ayr\u0131ca g\u00f6r\u00fcnt\u00fcleri WebP veya AVIF format\u0131na d\u00f6n\u00fc\u015ft\u00fcren lider g\u00f6r\u00fcnt\u00fc optimizasyon eklentisidir.<\/p>\n","protected":false},"featured_media":12887,"comment_status":"open","ping_status":"closed","template":"","meta":[],"product_brand":[],"product_cat":[1413],"product_tag":[2176,2406,2078,2003,2405],"class_list":{"0":"post-14276","1":"product","2":"type-product","3":"status-publish","4":"has-post-thumbnail","6":"product_cat-eklentiler","7":"product_tag-goruntu-optimizasyonu","8":"product_tag-goruntuleri-optimize-edin","9":"product_tag-goruntuleri-sikistir","10":"product_tag-webp-tr","11":"product_tag-webp-donusturmek","13":"first","14":"instock","15":"downloadable","16":"virtual","17":"product-type-simple"},"_links":{"self":[{"href":"https:\/\/hexexist.com\/tr\/wp-json\/wp\/v2\/product\/14276","targetHints":{"allow":["GET"]}}],"collection":[{"href":"https:\/\/hexexist.com\/tr\/wp-json\/wp\/v2\/product"}],"about":[{"href":"https:\/\/hexexist.com\/tr\/wp-json\/wp\/v2\/types\/product"}],"replies":[{"embeddable":true,"href":"https:\/\/hexexist.com\/tr\/wp-json\/wp\/v2\/comments?post=14276"}],"wp:featuredmedia":[{"embeddable":true,"href":"https:\/\/hexexist.com\/tr\/wp-json\/wp\/v2\/media\/12887"}],"wp:attachment":[{"href":"https:\/\/hexexist.com\/tr\/wp-json\/wp\/v2\/media?parent=14276"}],"wp:term":[{"taxonomy":"product_brand","embeddable":true,"href":"https:\/\/hexexist.com\/tr\/wp-json\/wp\/v2\/product_brand?post=14276"},{"taxonomy":"product_cat","embeddable":true,"href":"https:\/\/hexexist.com\/tr\/wp-json\/wp\/v2\/product_cat?post=14276"},{"taxonomy":"product_tag","embeddable":true,"href":"https:\/\/hexexist.com\/tr\/wp-json\/wp\/v2\/product_tag?post=14276"}],"curies":[{"name":"wp","href":"https:\/\/api.w.org\/{rel}","templated":true}]}}