{"id":14277,"date":"2025-10-09T09:49:21","date_gmt":"2025-10-09T09:49:21","guid":{"rendered":"http:\/\/hexexist.com\/product\/speed-optimizer-hepsi-bir-arada-performans-arttirici-eklenti\/"},"modified":"2025-10-09T09:49:21","modified_gmt":"2025-10-09T09:49:21","slug":"speed-optimizer-hepsi-bir-arada-performans-arttirici-eklenti","status":"publish","type":"product","link":"https:\/\/hexexist.com\/tr\/urun\/speed-optimizer-hepsi-bir-arada-performans-arttirici-eklenti\/","title":{"rendered":"Speed Optimizer Hepsi Bir Arada Performans Artt\u0131r\u0131c\u0131 Eklenti"},"content":{"rendered":"<p>\u00d6d\u00fcll\u00fc Speed Optimizer eklentisi, kullan\u0131c\u0131 deneyimini iyile\u015ftirmek, d\u00f6n\u00fc\u015f\u00fcm oranlar\u0131n\u0131 art\u0131rmak ve daha fazla trafik \u00e7ekmek i\u00e7in \u00fccretsiz bir WordPress performans art\u0131r\u0131c\u0131 \u00e7\u00f6z\u00fcmd\u00fcr. Daha iyi SEO s\u0131ralamalar\u0131 elde edin, Core Web Vitals&#8217;\u0131 iyile\u015ftirin ve Google Sayfa H\u0131z\u0131 Puan\u0131n\u0131z\u0131 geli\u015ftirin. <\/p>\n","protected":false},"excerpt":{"rendered":"<p>\u00d6d\u00fcll\u00fc Speed Optimizer eklentisi, kullan\u0131c\u0131 deneyimini iyile\u015ftirmek, d\u00f6n\u00fc\u015f\u00fcm oranlar\u0131n\u0131 art\u0131rmak ve daha fazla trafik \u00e7ekmek i\u00e7in \u00fccretsiz bir WordPress performans art\u0131r\u0131c\u0131 \u00e7\u00f6z\u00fcmd\u00fcr. Daha iyi SEO s\u0131ralamalar\u0131 elde edin, Core Web Vitals&#8217;\u0131 iyile\u015ftirin ve Google Sayfa H\u0131z\u0131 Puan\u0131n\u0131z\u0131 geli\u015ftirin.<\/p>\n","protected":false},"featured_media":12880,"comment_status":"open","ping_status":"closed","template":"","meta":[],"product_brand":[],"product_cat":[1413],"product_tag":[1628,2137,1737,1469,2702],"class_list":{"0":"post-14277","1":"product","2":"type-product","3":"status-publish","4":"has-post-thumbnail","6":"product_cat-eklentiler","7":"product_tag-hiz","8":"product_tag-nginx-tr","9":"product_tag-onbellege-alma","10":"product_tag-performans","11":"product_tag-siteground-tr","13":"first","14":"instock","15":"downloadable","16":"virtual","17":"product-type-simple"},"_links":{"self":[{"href":"https:\/\/hexexist.com\/tr\/wp-json\/wp\/v2\/product\/14277","targetHints":{"allow":["GET"]}}],"collection":[{"href":"https:\/\/hexexist.com\/tr\/wp-json\/wp\/v2\/product"}],"about":[{"href":"https:\/\/hexexist.com\/tr\/wp-json\/wp\/v2\/types\/product"}],"replies":[{"embeddable":true,"href":"https:\/\/hexexist.com\/tr\/wp-json\/wp\/v2\/comments?post=14277"}],"wp:featuredmedia":[{"embeddable":true,"href":"https:\/\/hexexist.com\/tr\/wp-json\/wp\/v2\/media\/12880"}],"wp:attachment":[{"href":"https:\/\/hexexist.com\/tr\/wp-json\/wp\/v2\/media?parent=14277"}],"wp:term":[{"taxonomy":"product_brand","embeddable":true,"href":"https:\/\/hexexist.com\/tr\/wp-json\/wp\/v2\/product_brand?post=14277"},{"taxonomy":"product_cat","embeddable":true,"href":"https:\/\/hexexist.com\/tr\/wp-json\/wp\/v2\/product_cat?post=14277"},{"taxonomy":"product_tag","embeddable":true,"href":"https:\/\/hexexist.com\/tr\/wp-json\/wp\/v2\/product_tag?post=14277"}],"curies":[{"name":"wp","href":"https:\/\/api.w.org\/{rel}","templated":true}]}}