{"id":14278,"date":"2025-10-09T09:49:22","date_gmt":"2025-10-09T09:49:22","guid":{"rendered":"http:\/\/hexexist.com\/product\/wp-optimize-cache-goruntuleri-sikistir-sayfa-hizini-ve-performansini-artirmak-icin-veritabanini-kucult-ve-temizle\/"},"modified":"2025-10-09T09:49:22","modified_gmt":"2025-10-09T09:49:22","slug":"wp-optimize-cache-goruntuleri-sikistir-sayfa-hizini-ve-performansini-artirmak-icin-veritabanini-kucult-ve-temizle","status":"publish","type":"product","link":"https:\/\/hexexist.com\/tr\/urun\/wp-optimize-cache-goruntuleri-sikistir-sayfa-hizini-ve-performansini-artirmak-icin-veritabanini-kucult-ve-temizle\/","title":{"rendered":"WP-Optimize Cache, G\u00f6r\u00fcnt\u00fcleri s\u0131k\u0131\u015ft\u0131r, Sayfa h\u0131z\u0131n\u0131 ve performans\u0131n\u0131 art\u0131rmak i\u00e7in veritaban\u0131n\u0131 k\u00fc\u00e7\u00fclt ve temizle"},"content":{"rendered":"<p>BIR \u00d6NBELLEK EKLENTISINDEN DAHA FAZLASI<\/p>\n","protected":false},"excerpt":{"rendered":"<p>BIR \u00d6NBELLEK EKLENTISINDEN DAHA FAZLASI<\/p>\n","protected":false},"featured_media":12886,"comment_status":"open","ping_status":"closed","template":"","meta":[],"product_brand":[],"product_cat":[1413],"product_tag":[2704,2533,1737,1627,2706],"class_list":{"0":"post-14278","1":"product","2":"type-product","3":"status-publish","4":"has-post-thumbnail","6":"product_cat-eklentiler","7":"product_tag-goruntu-onbellegi","8":"product_tag-minify-tr","9":"product_tag-onbellege-alma","10":"product_tag-onbellek","11":"product_tag-performans-onbellegi","13":"first","14":"instock","15":"downloadable","16":"virtual","17":"product-type-simple"},"_links":{"self":[{"href":"https:\/\/hexexist.com\/tr\/wp-json\/wp\/v2\/product\/14278","targetHints":{"allow":["GET"]}}],"collection":[{"href":"https:\/\/hexexist.com\/tr\/wp-json\/wp\/v2\/product"}],"about":[{"href":"https:\/\/hexexist.com\/tr\/wp-json\/wp\/v2\/types\/product"}],"replies":[{"embeddable":true,"href":"https:\/\/hexexist.com\/tr\/wp-json\/wp\/v2\/comments?post=14278"}],"wp:featuredmedia":[{"embeddable":true,"href":"https:\/\/hexexist.com\/tr\/wp-json\/wp\/v2\/media\/12886"}],"wp:attachment":[{"href":"https:\/\/hexexist.com\/tr\/wp-json\/wp\/v2\/media?parent=14278"}],"wp:term":[{"taxonomy":"product_brand","embeddable":true,"href":"https:\/\/hexexist.com\/tr\/wp-json\/wp\/v2\/product_brand?post=14278"},{"taxonomy":"product_cat","embeddable":true,"href":"https:\/\/hexexist.com\/tr\/wp-json\/wp\/v2\/product_cat?post=14278"},{"taxonomy":"product_tag","embeddable":true,"href":"https:\/\/hexexist.com\/tr\/wp-json\/wp\/v2\/product_tag?post=14278"}],"curies":[{"name":"wp","href":"https:\/\/api.w.org\/{rel}","templated":true}]}}