{"id":14279,"date":"2025-10-09T09:49:21","date_gmt":"2025-10-09T09:49:21","guid":{"rendered":"http:\/\/hexexist.com\/product\/kucuk-resimleri-yeniden-olustur\/"},"modified":"2025-10-09T09:49:21","modified_gmt":"2025-10-09T09:49:21","slug":"kucuk-resimleri-yeniden-olustur","status":"publish","type":"product","link":"https:\/\/hexexist.com\/tr\/urun\/kucuk-resimleri-yeniden-olustur\/","title":{"rendered":"K\u00fc\u00e7\u00fck Resimleri Yeniden Olu\u015ftur"},"content":{"rendered":"<p>K\u00fc\u00e7\u00fck Resimleri Yeniden Olu\u015ftur, Medya Kitapl\u0131\u011f\u0131n\u0131za y\u00fcklenen bir veya daha fazla resim i\u00e7in t\u00fcm k\u00fc\u00e7\u00fck resim boyutlar\u0131n\u0131 yeniden olu\u015fturman\u0131za olanak tan\u0131r.<\/p>\n","protected":false},"excerpt":{"rendered":"<p>K\u00fc\u00e7\u00fck Resimleri Yeniden Olu\u015ftur, Medya Kitapl\u0131\u011f\u0131n\u0131za y\u00fcklenen bir veya daha fazla resim i\u00e7in t\u00fcm k\u00fc\u00e7\u00fck resim boyutlar\u0131n\u0131 yeniden olu\u015fturman\u0131za olanak tan\u0131r.<\/p>\n","protected":false},"featured_media":12879,"comment_status":"open","ping_status":"closed","template":"","meta":[],"product_brand":[],"product_cat":[1413],"product_tag":[2305,2703,2306,2705],"class_list":{"0":"post-14279","1":"product","2":"type-product","3":"status-publish","4":"has-post-thumbnail","6":"product_cat-eklentiler","7":"product_tag-kucuk-resim","8":"product_tag-kucuk-resim-gonder","9":"product_tag-kucuk-resimler","10":"product_tag-kucuk-resimleri-gonder","12":"first","13":"instock","14":"downloadable","15":"virtual","16":"product-type-simple"},"_links":{"self":[{"href":"https:\/\/hexexist.com\/tr\/wp-json\/wp\/v2\/product\/14279","targetHints":{"allow":["GET"]}}],"collection":[{"href":"https:\/\/hexexist.com\/tr\/wp-json\/wp\/v2\/product"}],"about":[{"href":"https:\/\/hexexist.com\/tr\/wp-json\/wp\/v2\/types\/product"}],"replies":[{"embeddable":true,"href":"https:\/\/hexexist.com\/tr\/wp-json\/wp\/v2\/comments?post=14279"}],"wp:featuredmedia":[{"embeddable":true,"href":"https:\/\/hexexist.com\/tr\/wp-json\/wp\/v2\/media\/12879"}],"wp:attachment":[{"href":"https:\/\/hexexist.com\/tr\/wp-json\/wp\/v2\/media?parent=14279"}],"wp:term":[{"taxonomy":"product_brand","embeddable":true,"href":"https:\/\/hexexist.com\/tr\/wp-json\/wp\/v2\/product_brand?post=14279"},{"taxonomy":"product_cat","embeddable":true,"href":"https:\/\/hexexist.com\/tr\/wp-json\/wp\/v2\/product_cat?post=14279"},{"taxonomy":"product_tag","embeddable":true,"href":"https:\/\/hexexist.com\/tr\/wp-json\/wp\/v2\/product_tag?post=14279"}],"curies":[{"name":"wp","href":"https:\/\/api.w.org\/{rel}","templated":true}]}}