{"id":14280,"date":"2025-10-09T09:49:21","date_gmt":"2025-10-09T09:49:21","guid":{"rendered":"http:\/\/hexexist.com\/product\/wordpress-icin-popup-builder-popup-maker-optinmonster-e-posta-pazarlama-ve-lead-generation\/"},"modified":"2025-10-09T09:49:21","modified_gmt":"2025-10-09T09:49:21","slug":"wordpress-icin-popup-builder-popup-maker-optinmonster-e-posta-pazarlama-ve-lead-generation","status":"publish","type":"product","link":"https:\/\/hexexist.com\/tr\/urun\/wordpress-icin-popup-builder-popup-maker-optinmonster-e-posta-pazarlama-ve-lead-generation\/","title":{"rendered":"WordPress i\u00e7in Popup Builder &amp; Popup Maker OptinMonster E-posta Pazarlama ve Lead Generation"},"content":{"rendered":"<p>\ud83e\udd29 Daha fazla e-posta b\u00fclteni abonesi, potansiyel m\u00fc\u015fteri ve sat\u0131\u015f elde etmek i\u00e7in pop-up&#8217;lar ve optin formlar\u0131 olu\u015fturun #1 en pop\u00fcler popup olu\u015fturucu eklentisi! \ud83d\ude80<\/p>\n","protected":false},"excerpt":{"rendered":"<p>\ud83e\udd29 Daha fazla e-posta b\u00fclteni abonesi, potansiyel m\u00fc\u015fteri ve sat\u0131\u015f elde etmek i\u00e7in pop-up&#8217;lar ve optin formlar\u0131 olu\u015fturun #1 en pop\u00fcler popup olu\u015fturucu eklentisi! \ud83d\ude80<\/p>\n","protected":false},"featured_media":12878,"comment_status":"open","ping_status":"closed","template":"","meta":[],"product_brand":[],"product_cat":[1413],"product_tag":[1872,1952,1504,1951,1645],"class_list":{"0":"post-14280","1":"product","2":"type-product","3":"status-publish","4":"has-post-thumbnail","6":"product_cat-eklentiler","7":"product_tag-acilir-pencere","8":"product_tag-acilir-pencereler","9":"product_tag-e-ticaret","10":"product_tag-optin-tr","11":"product_tag-pazarlama","13":"first","14":"instock","15":"downloadable","16":"virtual","17":"product-type-simple"},"_links":{"self":[{"href":"https:\/\/hexexist.com\/tr\/wp-json\/wp\/v2\/product\/14280","targetHints":{"allow":["GET"]}}],"collection":[{"href":"https:\/\/hexexist.com\/tr\/wp-json\/wp\/v2\/product"}],"about":[{"href":"https:\/\/hexexist.com\/tr\/wp-json\/wp\/v2\/types\/product"}],"replies":[{"embeddable":true,"href":"https:\/\/hexexist.com\/tr\/wp-json\/wp\/v2\/comments?post=14280"}],"wp:featuredmedia":[{"embeddable":true,"href":"https:\/\/hexexist.com\/tr\/wp-json\/wp\/v2\/media\/12878"}],"wp:attachment":[{"href":"https:\/\/hexexist.com\/tr\/wp-json\/wp\/v2\/media?parent=14280"}],"wp:term":[{"taxonomy":"product_brand","embeddable":true,"href":"https:\/\/hexexist.com\/tr\/wp-json\/wp\/v2\/product_brand?post=14280"},{"taxonomy":"product_cat","embeddable":true,"href":"https:\/\/hexexist.com\/tr\/wp-json\/wp\/v2\/product_cat?post=14280"},{"taxonomy":"product_tag","embeddable":true,"href":"https:\/\/hexexist.com\/tr\/wp-json\/wp\/v2\/product_tag?post=14280"}],"curies":[{"name":"wp","href":"https:\/\/api.w.org\/{rel}","templated":true}]}}