{"id":14281,"date":"2025-10-09T09:49:22","date_gmt":"2025-10-09T09:49:22","guid":{"rendered":"http:\/\/hexexist.com\/product\/dosya-yoneticisi\/"},"modified":"2025-10-09T09:49:22","modified_gmt":"2025-10-09T09:49:22","slug":"dosya-yoneticisi","status":"publish","type":"product","link":"https:\/\/hexexist.com\/tr\/urun\/dosya-yoneticisi\/","title":{"rendered":"Dosya Y\u00f6neticisi"},"content":{"rendered":"<p>Dosya Y\u00f6neticisi, dosya ve klas\u00f6rleri do\u011frudan WordPress arka ucundan d\u00fczenlemenizi, silmenizi, y\u00fcklemenizi, indirmenizi, s\u0131k\u0131\u015ft\u0131rman\u0131z\u0131, kopyalaman\u0131z\u0131 ve yap\u0131\u015ft\u0131rman\u0131z\u0131 sa\u011flar. Dosyalar\u0131n\u0131z\u0131 y\u00f6netmek ve bir yerden ba\u015fka bir yere ta\u015f\u0131mak i\u00e7in FTP ile u\u011fra\u015fmay\u0131n. \u015eimdiye kadar \u00fcretilmi\u015f en g\u00fc\u00e7l\u00fc, esnek ve en kolay WordPress dosya y\u00f6netimi \u00e7\u00f6z\u00fcm\u00fc!<\/p>\n","protected":false},"excerpt":{"rendered":"<p>Dosya Y\u00f6neticisi, dosya ve klas\u00f6rleri do\u011frudan WordPress arka ucundan d\u00fczenlemenizi, silmenizi, y\u00fcklemenizi, indirmenizi, s\u0131k\u0131\u015ft\u0131rman\u0131z\u0131, kopyalaman\u0131z\u0131 ve yap\u0131\u015ft\u0131rman\u0131z\u0131 sa\u011flar. Dosyalar\u0131n\u0131z\u0131 y\u00f6netmek ve bir yerden ba\u015fka bir yere ta\u015f\u0131mak i\u00e7in FTP ile u\u011fra\u015fmay\u0131n. \u015eimdiye kadar \u00fcretilmi\u015f en g\u00fc\u00e7l\u00fc, esnek ve en kolay WordPress dosya y\u00f6netimi \u00e7\u00f6z\u00fcm\u00fc!<\/p>\n","protected":false},"featured_media":12885,"comment_status":"open","ping_status":"closed","template":"","meta":[],"product_brand":[],"product_cat":[1413],"product_tag":[1506,2707,2428,1833],"class_list":{"0":"post-14281","1":"product","2":"type-product","3":"status-publish","4":"has-post-thumbnail","6":"product_cat-eklentiler","7":"product_tag-dosya-yoneticisi","8":"product_tag-elfinder-tr","9":"product_tag-ftp-tr","10":"product_tag-wp-dosya-yoneticisi","12":"first","13":"instock","14":"downloadable","15":"virtual","16":"product-type-simple"},"_links":{"self":[{"href":"https:\/\/hexexist.com\/tr\/wp-json\/wp\/v2\/product\/14281","targetHints":{"allow":["GET"]}}],"collection":[{"href":"https:\/\/hexexist.com\/tr\/wp-json\/wp\/v2\/product"}],"about":[{"href":"https:\/\/hexexist.com\/tr\/wp-json\/wp\/v2\/types\/product"}],"replies":[{"embeddable":true,"href":"https:\/\/hexexist.com\/tr\/wp-json\/wp\/v2\/comments?post=14281"}],"wp:featuredmedia":[{"embeddable":true,"href":"https:\/\/hexexist.com\/tr\/wp-json\/wp\/v2\/media\/12885"}],"wp:attachment":[{"href":"https:\/\/hexexist.com\/tr\/wp-json\/wp\/v2\/media?parent=14281"}],"wp:term":[{"taxonomy":"product_brand","embeddable":true,"href":"https:\/\/hexexist.com\/tr\/wp-json\/wp\/v2\/product_brand?post=14281"},{"taxonomy":"product_cat","embeddable":true,"href":"https:\/\/hexexist.com\/tr\/wp-json\/wp\/v2\/product_cat?post=14281"},{"taxonomy":"product_tag","embeddable":true,"href":"https:\/\/hexexist.com\/tr\/wp-json\/wp\/v2\/product_tag?post=14281"}],"curies":[{"name":"wp","href":"https:\/\/api.w.org\/{rel}","templated":true}]}}