{"id":14282,"date":"2025-10-09T09:49:21","date_gmt":"2025-10-09T09:49:21","guid":{"rendered":"http:\/\/hexexist.com\/product\/tek-tikla-demo-ice-aktarma\/"},"modified":"2025-10-09T09:49:21","modified_gmt":"2025-10-09T09:49:21","slug":"tek-tikla-demo-ice-aktarma","status":"publish","type":"product","link":"https:\/\/hexexist.com\/tr\/urun\/tek-tikla-demo-ice-aktarma\/","title":{"rendered":"Tek T\u0131kla Demo \u0130\u00e7e Aktarma"},"content":{"rendered":"<p>Bu eklentinin en iyi \u00f6zelli\u011fi, tema yazarlar\u0131n\u0131n i\u00e7e aktarma dosyalar\u0131n\u0131 temalar\u0131nda tan\u0131mlayabilmeleri ve b\u00f6ylece sizin (tema kullan\u0131c\u0131s\u0131n\u0131n) tek yapman\u0131z gereken &#8220;Demo Verilerini \u0130\u00e7e Aktar&#8221; d\u00fc\u011fmesine t\u0131klamakt\u0131r.<\/p>\n","protected":false},"excerpt":{"rendered":"<p>Bu eklentinin en iyi \u00f6zelli\u011fi, tema yazarlar\u0131n\u0131n i\u00e7e aktarma dosyalar\u0131n\u0131 temalar\u0131nda tan\u0131mlayabilmeleri ve b\u00f6ylece sizin (tema kullan\u0131c\u0131s\u0131n\u0131n) tek yapman\u0131z gereken &#8220;Demo Verilerini \u0130\u00e7e Aktar&#8221; d\u00fc\u011fmesine t\u0131klamakt\u0131r.<\/p>\n","protected":false},"featured_media":12877,"comment_status":"open","ping_status":"closed","template":"","meta":[],"product_brand":[],"product_cat":[1413],"product_tag":[2578,1577,1691,2709,2030],"class_list":{"0":"post-14282","1":"product","2":"type-product","3":"status-publish","4":"has-post-thumbnail","6":"product_cat-eklentiler","7":"product_tag-ayarlar","8":"product_tag-icerik","9":"product_tag-ithalat","10":"product_tag-tema-secenekleri","11":"product_tag-widgetlar","13":"first","14":"instock","15":"downloadable","16":"virtual","17":"product-type-simple"},"_links":{"self":[{"href":"https:\/\/hexexist.com\/tr\/wp-json\/wp\/v2\/product\/14282","targetHints":{"allow":["GET"]}}],"collection":[{"href":"https:\/\/hexexist.com\/tr\/wp-json\/wp\/v2\/product"}],"about":[{"href":"https:\/\/hexexist.com\/tr\/wp-json\/wp\/v2\/types\/product"}],"replies":[{"embeddable":true,"href":"https:\/\/hexexist.com\/tr\/wp-json\/wp\/v2\/comments?post=14282"}],"wp:featuredmedia":[{"embeddable":true,"href":"https:\/\/hexexist.com\/tr\/wp-json\/wp\/v2\/media\/12877"}],"wp:attachment":[{"href":"https:\/\/hexexist.com\/tr\/wp-json\/wp\/v2\/media?parent=14282"}],"wp:term":[{"taxonomy":"product_brand","embeddable":true,"href":"https:\/\/hexexist.com\/tr\/wp-json\/wp\/v2\/product_brand?post=14282"},{"taxonomy":"product_cat","embeddable":true,"href":"https:\/\/hexexist.com\/tr\/wp-json\/wp\/v2\/product_cat?post=14282"},{"taxonomy":"product_tag","embeddable":true,"href":"https:\/\/hexexist.com\/tr\/wp-json\/wp\/v2\/product_tag?post=14282"}],"curies":[{"name":"wp","href":"https:\/\/api.w.org\/{rel}","templated":true}]}}