{"id":14284,"date":"2025-10-09T09:49:24","date_gmt":"2025-10-09T09:49:24","guid":{"rendered":"http:\/\/hexexist.com\/product\/polylang\/"},"modified":"2025-10-09T09:49:24","modified_gmt":"2025-10-09T09:49:24","slug":"polylang","status":"publish","type":"product","link":"https:\/\/hexexist.com\/tr\/urun\/polylang\/","title":{"rendered":"Polylang"},"content":{"rendered":"<p>Polylang ile WordPress&#8217;e tamamen entegre olarak ve yaln\u0131zca yerle\u015fik temel \u00f6zelliklerini (taksonomiler) kullanarak, sitenizdeki performans\u0131 sabit tutun ve ihtiya\u00e7lar\u0131n\u0131za ba\u011fl\u0131 olarak yaln\u0131zca bir ekstra dilden 10 veya daha fazlas\u0131na kadar \u00e7ok dilli bir site olu\u015fturun. Eklenen dil say\u0131s\u0131nda herhangi bir s\u0131n\u0131rlama yoktur ve WordPress&#8217;in dil paketleri haz\u0131r oldu\u011funda otomatik olarak indirilir. <\/p>\n","protected":false},"excerpt":{"rendered":"<p>Polylang ile WordPress&#8217;e tamamen entegre olarak ve yaln\u0131zca yerle\u015fik temel \u00f6zelliklerini (taksonomiler) kullanarak, sitenizdeki performans\u0131 sabit tutun ve ihtiya\u00e7lar\u0131n\u0131za ba\u011fl\u0131 olarak yaln\u0131zca bir ekstra dilden 10 veya daha fazlas\u0131na kadar \u00e7ok dilli bir site olu\u015fturun. Eklenen dil say\u0131s\u0131nda herhangi bir s\u0131n\u0131rlama yoktur ve WordPress&#8217;in dil paketleri haz\u0131r oldu\u011funda otomatik olarak indirilir.<\/p>\n","protected":false},"featured_media":12897,"comment_status":"open","ping_status":"closed","template":"","meta":[],"product_brand":[],"product_cat":[1413],"product_tag":[2277,1560,2276,1561,2710],"class_list":{"0":"post-14284","1":"product","2":"type-product","3":"status-publish","4":"has-post-thumbnail","6":"product_cat-eklentiler","7":"product_tag-ceviri","8":"product_tag-cok-dilli","9":"product_tag-dil","10":"product_tag-tercume-etmek","11":"product_tag-yerellestirme","13":"first","14":"instock","15":"downloadable","16":"virtual","17":"product-type-simple"},"_links":{"self":[{"href":"https:\/\/hexexist.com\/tr\/wp-json\/wp\/v2\/product\/14284","targetHints":{"allow":["GET"]}}],"collection":[{"href":"https:\/\/hexexist.com\/tr\/wp-json\/wp\/v2\/product"}],"about":[{"href":"https:\/\/hexexist.com\/tr\/wp-json\/wp\/v2\/types\/product"}],"replies":[{"embeddable":true,"href":"https:\/\/hexexist.com\/tr\/wp-json\/wp\/v2\/comments?post=14284"}],"wp:featuredmedia":[{"embeddable":true,"href":"https:\/\/hexexist.com\/tr\/wp-json\/wp\/v2\/media\/12897"}],"wp:attachment":[{"href":"https:\/\/hexexist.com\/tr\/wp-json\/wp\/v2\/media?parent=14284"}],"wp:term":[{"taxonomy":"product_brand","embeddable":true,"href":"https:\/\/hexexist.com\/tr\/wp-json\/wp\/v2\/product_brand?post=14284"},{"taxonomy":"product_cat","embeddable":true,"href":"https:\/\/hexexist.com\/tr\/wp-json\/wp\/v2\/product_cat?post=14284"},{"taxonomy":"product_tag","embeddable":true,"href":"https:\/\/hexexist.com\/tr\/wp-json\/wp\/v2\/product_tag?post=14284"}],"curies":[{"name":"wp","href":"https:\/\/api.w.org\/{rel}","templated":true}]}}