{"id":14285,"date":"2025-10-09T09:49:22","date_gmt":"2025-10-09T09:49:22","guid":{"rendered":"http:\/\/hexexist.com\/product\/managewp-calisani\/"},"modified":"2025-10-09T09:49:22","modified_gmt":"2025-10-09T09:49:22","slug":"managewp-calisani","status":"publish","type":"product","link":"https:\/\/hexexist.com\/tr\/urun\/managewp-calisani\/","title":{"rendered":"ManageWP \u00c7al\u0131\u015fan\u0131"},"content":{"rendered":"<p>WordPress web sitelerini y\u00f6netmek i\u00e7in daha iyi bir yol mu ar\u0131yorsunuz? Sizi teminat alt\u0131na ald\u0131k! ManageWP, i\u015f ak\u0131\u015f\u0131n\u0131z\u0131 otomatikle\u015ftirerek zamandan ve sinirlerden tasarruf etmenize yard\u0131mc\u0131 olan bir kontrol panelidir, b\u00f6ylece \u00f6nemli \u015feylere odaklanabilirsiniz. H\u0131zl\u0131, g\u00fcvenli ve s\u0131n\u0131rs\u0131z say\u0131da web sitesi i\u00e7in \u00fccretsizdir.   <\/p>\n","protected":false},"excerpt":{"rendered":"<p>WordPress web sitelerini y\u00f6netmek i\u00e7in daha iyi bir yol mu ar\u0131yorsunuz? Sizi teminat alt\u0131na ald\u0131k! ManageWP, i\u015f ak\u0131\u015f\u0131n\u0131z\u0131 otomatikle\u015ftirerek zamandan ve sinirlerden tasarruf etmenize yard\u0131mc\u0131 olan bir kontrol panelidir, b\u00f6ylece \u00f6nemli \u015feylere odaklanabilirsiniz. H\u0131zl\u0131, g\u00fcvenli ve s\u0131n\u0131rs\u0131z say\u0131da web sitesi i\u00e7in \u00fccretsizdir.<\/p>\n","protected":false},"featured_media":12883,"comment_status":"open","ping_status":"closed","template":"","meta":[],"product_brand":[],"product_cat":[1413],"product_tag":[2711,1943,1455,1469,1650],"class_list":{"0":"post-14285","1":"product","2":"type-product","3":"status-publish","4":"has-post-thumbnail","6":"product_cat-eklentiler","7":"product_tag-birden-fazla-siteyi-yonetme","8":"product_tag-goc-etmek","9":"product_tag-guvenlik","10":"product_tag-performans","11":"product_tag-yedekleme","13":"first","14":"instock","15":"downloadable","16":"virtual","17":"product-type-simple"},"_links":{"self":[{"href":"https:\/\/hexexist.com\/tr\/wp-json\/wp\/v2\/product\/14285","targetHints":{"allow":["GET"]}}],"collection":[{"href":"https:\/\/hexexist.com\/tr\/wp-json\/wp\/v2\/product"}],"about":[{"href":"https:\/\/hexexist.com\/tr\/wp-json\/wp\/v2\/types\/product"}],"replies":[{"embeddable":true,"href":"https:\/\/hexexist.com\/tr\/wp-json\/wp\/v2\/comments?post=14285"}],"wp:featuredmedia":[{"embeddable":true,"href":"https:\/\/hexexist.com\/tr\/wp-json\/wp\/v2\/media\/12883"}],"wp:attachment":[{"href":"https:\/\/hexexist.com\/tr\/wp-json\/wp\/v2\/media?parent=14285"}],"wp:term":[{"taxonomy":"product_brand","embeddable":true,"href":"https:\/\/hexexist.com\/tr\/wp-json\/wp\/v2\/product_brand?post=14285"},{"taxonomy":"product_cat","embeddable":true,"href":"https:\/\/hexexist.com\/tr\/wp-json\/wp\/v2\/product_cat?post=14285"},{"taxonomy":"product_tag","embeddable":true,"href":"https:\/\/hexexist.com\/tr\/wp-json\/wp\/v2\/product_tag?post=14285"}],"curies":[{"name":"wp","href":"https:\/\/api.w.org\/{rel}","templated":true}]}}