{"id":14286,"date":"2025-10-09T09:49:24","date_gmt":"2025-10-09T09:49:24","guid":{"rendered":"http:\/\/hexexist.com\/product\/imagify-goruntu-optimizasyonu-goruntuleri-optimize-et-goruntuleri-sikistir-webp-donustur-avif-donustur\/"},"modified":"2025-10-09T09:49:24","modified_gmt":"2025-10-09T09:49:24","slug":"imagify-goruntu-optimizasyonu-goruntuleri-optimize-et-goruntuleri-sikistir-webp-donustur-avif-donustur","status":"publish","type":"product","link":"https:\/\/hexexist.com\/tr\/urun\/imagify-goruntu-optimizasyonu-goruntuleri-optimize-et-goruntuleri-sikistir-webp-donustur-avif-donustur\/","title":{"rendered":"Imagify G\u00f6r\u00fcnt\u00fc Optimizasyonu G\u00f6r\u00fcnt\u00fcleri Optimize Et | G\u00f6r\u00fcnt\u00fcleri S\u0131k\u0131\u015ft\u0131r | WebP D\u00f6n\u00fc\u015ft\u00fcr | AVIF D\u00f6n\u00fc\u015ft\u00fcr"},"content":{"rendered":"<p>Imagify, g\u00f6r\u00fcnt\u00fcleri yeniden boyutland\u0131rman\u0131za ve s\u0131k\u0131\u015ft\u0131rman\u0131za yard\u0131mc\u0131 olan en geli\u015fmi\u015f g\u00f6r\u00fcnt\u00fc optimizasyon eklentisidir. Art\u0131k g\u00f6r\u00fcnt\u00fcleri optimize etmek ve sitenize eklemek istedi\u011finiz foto\u011fraflar\u0131n a\u011f\u0131rl\u0131\u011f\u0131n\u0131 azaltmak i\u00e7in g\u00fcc\u00fcn\u00fc do\u011frudan WordPress&#8217;te kullanabilirsiniz g\u00f6r\u00fcnt\u00fc optimizasyonu tek bir t\u0131klama ile ve kalitelerinden \u00f6d\u00fcn vermeden yap\u0131l\u0131r. <\/p>\n","protected":false},"excerpt":{"rendered":"<p>Imagify, g\u00f6r\u00fcnt\u00fcleri yeniden boyutland\u0131rman\u0131za ve s\u0131k\u0131\u015ft\u0131rman\u0131za yard\u0131mc\u0131 olan en geli\u015fmi\u015f g\u00f6r\u00fcnt\u00fc optimizasyon eklentisidir. Art\u0131k g\u00f6r\u00fcnt\u00fcleri optimize etmek ve sitenize eklemek istedi\u011finiz foto\u011fraflar\u0131n a\u011f\u0131rl\u0131\u011f\u0131n\u0131 azaltmak i\u00e7in g\u00fcc\u00fcn\u00fc do\u011frudan WordPress&#8217;te kullanabilirsiniz g\u00f6r\u00fcnt\u00fc optimizasyonu tek bir t\u0131klama ile ve kalitelerinden \u00f6d\u00fcn vermeden yap\u0131l\u0131r.<\/p>\n","protected":false},"featured_media":12896,"comment_status":"open","ping_status":"closed","template":"","meta":[],"product_brand":[],"product_cat":[1413],"product_tag":[2692,2176,2406,2078,2405],"class_list":{"0":"post-14286","1":"product","2":"type-product","3":"status-publish","4":"has-post-thumbnail","6":"product_cat-eklentiler","7":"product_tag-avif-donusturme","8":"product_tag-goruntu-optimizasyonu","9":"product_tag-goruntuleri-optimize-edin","10":"product_tag-goruntuleri-sikistir","11":"product_tag-webp-donusturmek","13":"first","14":"instock","15":"downloadable","16":"virtual","17":"product-type-simple"},"_links":{"self":[{"href":"https:\/\/hexexist.com\/tr\/wp-json\/wp\/v2\/product\/14286","targetHints":{"allow":["GET"]}}],"collection":[{"href":"https:\/\/hexexist.com\/tr\/wp-json\/wp\/v2\/product"}],"about":[{"href":"https:\/\/hexexist.com\/tr\/wp-json\/wp\/v2\/types\/product"}],"replies":[{"embeddable":true,"href":"https:\/\/hexexist.com\/tr\/wp-json\/wp\/v2\/comments?post=14286"}],"wp:featuredmedia":[{"embeddable":true,"href":"https:\/\/hexexist.com\/tr\/wp-json\/wp\/v2\/media\/12896"}],"wp:attachment":[{"href":"https:\/\/hexexist.com\/tr\/wp-json\/wp\/v2\/media?parent=14286"}],"wp:term":[{"taxonomy":"product_brand","embeddable":true,"href":"https:\/\/hexexist.com\/tr\/wp-json\/wp\/v2\/product_brand?post=14286"},{"taxonomy":"product_cat","embeddable":true,"href":"https:\/\/hexexist.com\/tr\/wp-json\/wp\/v2\/product_cat?post=14286"},{"taxonomy":"product_tag","embeddable":true,"href":"https:\/\/hexexist.com\/tr\/wp-json\/wp\/v2\/product_tag?post=14286"}],"curies":[{"name":"wp","href":"https:\/\/api.w.org\/{rel}","templated":true}]}}