{"id":14287,"date":"2025-10-09T09:49:23","date_gmt":"2025-10-09T09:49:23","guid":{"rendered":"http:\/\/hexexist.com\/product\/breadcrumb-navxt\/"},"modified":"2025-10-09T09:49:23","modified_gmt":"2025-10-09T09:49:23","slug":"breadcrumb-navxt","status":"publish","type":"product","link":"https:\/\/hexexist.com\/tr\/urun\/breadcrumb-navxt\/","title":{"rendered":"Breadcrumb NavXT"},"content":{"rendered":"<p>Pop\u00fcler WordPress eklentisi Breadcrumb Navigation XT&#8217;nin halefi olan Breadcrumb NavXT, atas\u0131ndan daha iyi olmak i\u00e7in s\u0131f\u0131rdan yaz\u0131lm\u0131\u015ft\u0131r. Bu eklenti, WordPress destekli blogunuz veya web siteniz i\u00e7in konum belirleyici k\u0131r\u0131nt\u0131 izleri olu\u015fturur. Bu k\u0131r\u0131nt\u0131 izleri, WordPress \u00e7al\u0131\u015ft\u0131ran hemen hemen her web sitesinin ihtiya\u00e7lar\u0131na uyacak \u015fekilde son derece \u00f6zelle\u015ftirilebilir. Y\u00f6netici aray\u00fcz\u00fc ayar se\u00e7eneklerini kolayla\u015ft\u0131r\u0131rken, tema geli\u015ftiricileri ve daha macerac\u0131 kullan\u0131c\u0131lar i\u00e7in do\u011frudan s\u0131n\u0131f eri\u015fimi mevcuttur.   <\/p>\n","protected":false},"excerpt":{"rendered":"<p>Pop\u00fcler WordPress eklentisi Breadcrumb Navigation XT&#8217;nin halefi olan Breadcrumb NavXT, atas\u0131ndan daha iyi olmak i\u00e7in s\u0131f\u0131rdan yaz\u0131lm\u0131\u015ft\u0131r. Bu eklenti, WordPress destekli blogunuz veya web siteniz i\u00e7in konum belirleyici k\u0131r\u0131nt\u0131 izleri olu\u015fturur. Bu k\u0131r\u0131nt\u0131 izleri, WordPress \u00e7al\u0131\u015ft\u0131ran hemen hemen her web sitesinin ihtiya\u00e7lar\u0131na uyacak \u015fekilde son derece \u00f6zelle\u015ftirilebilir. Y\u00f6netici aray\u00fcz\u00fc ayar se\u00e7eneklerini kolayla\u015ft\u0131r\u0131rken, tema geli\u015ftiricileri ve [&hellip;]<\/p>\n","protected":false},"featured_media":12890,"comment_status":"open","ping_status":"closed","template":"","meta":[],"product_brand":[],"product_cat":[1413],"product_tag":[1773,2713,2712,2714,1530],"class_list":{"0":"post-14287","1":"product","2":"type-product","3":"status-publish","4":"has-post-thumbnail","6":"product_cat-eklentiler","7":"product_tag-block-tr","8":"product_tag-ekmek-kirintilari","9":"product_tag-ekmek-kirintisi","10":"product_tag-iz","11":"product_tag-navigasyon","13":"first","14":"instock","15":"downloadable","16":"virtual","17":"product-type-simple"},"_links":{"self":[{"href":"https:\/\/hexexist.com\/tr\/wp-json\/wp\/v2\/product\/14287","targetHints":{"allow":["GET"]}}],"collection":[{"href":"https:\/\/hexexist.com\/tr\/wp-json\/wp\/v2\/product"}],"about":[{"href":"https:\/\/hexexist.com\/tr\/wp-json\/wp\/v2\/types\/product"}],"replies":[{"embeddable":true,"href":"https:\/\/hexexist.com\/tr\/wp-json\/wp\/v2\/comments?post=14287"}],"wp:featuredmedia":[{"embeddable":true,"href":"https:\/\/hexexist.com\/tr\/wp-json\/wp\/v2\/media\/12890"}],"wp:attachment":[{"href":"https:\/\/hexexist.com\/tr\/wp-json\/wp\/v2\/media?parent=14287"}],"wp:term":[{"taxonomy":"product_brand","embeddable":true,"href":"https:\/\/hexexist.com\/tr\/wp-json\/wp\/v2\/product_brand?post=14287"},{"taxonomy":"product_cat","embeddable":true,"href":"https:\/\/hexexist.com\/tr\/wp-json\/wp\/v2\/product_cat?post=14287"},{"taxonomy":"product_tag","embeddable":true,"href":"https:\/\/hexexist.com\/tr\/wp-json\/wp\/v2\/product_tag?post=14287"}],"curies":[{"name":"wp","href":"https:\/\/api.w.org\/{rel}","templated":true}]}}