{"id":14288,"date":"2025-10-09T09:49:24","date_gmt":"2025-10-09T09:49:24","guid":{"rendered":"http:\/\/hexexist.com\/product\/gtranslate-ile-wordpressi-cevirin\/"},"modified":"2025-10-09T09:49:24","modified_gmt":"2025-10-09T09:49:24","slug":"gtranslate-ile-wordpressi-cevirin","status":"publish","type":"product","link":"https:\/\/hexexist.com\/tr\/urun\/gtranslate-ile-wordpressi-cevirin\/","title":{"rendered":"GTranslate ile WordPress&#8217;i \u00c7evirin"},"content":{"rendered":"<p>Translate WordPress with GTranslate eklentisi, wordpress sitesini Google g\u00fcc\u00fcyle \u00e7evirmek ve \u00e7ok dilli hale getirmek i\u00e7in Google Translate otomatik \u00e7eviri hizmetini kullan\u0131r. Mevcut 103 dil ile siteniz internet kullan\u0131c\u0131lar\u0131n\u0131n %99&#8217;undan fazlas\u0131 taraf\u0131ndan kullan\u0131labilir olacakt\u0131r. \u00dccretli s\u00fcr\u00fcmlerimiz tamamen SEO uyumludur, bu da uluslararas\u0131 trafi\u011finizi ve sat\u0131\u015flar\u0131n\u0131z\u0131 art\u0131racakt\u0131r. Bu \u00e7eviri eklentisi, paradan tasarruf etmek i\u00e7in otomatik ve insan \u00e7evirilerini birle\u015ftiren ve uygulamas\u0131 kolay, b\u00fct\u00e7eye uygun \u00e7ok dilli bir WordPress \u00e7\u00f6z\u00fcm\u00fcd\u00fcr.   <\/p>\n","protected":false},"excerpt":{"rendered":"<p>Translate WordPress with GTranslate eklentisi, wordpress sitesini Google g\u00fcc\u00fcyle \u00e7evirmek ve \u00e7ok dilli hale getirmek i\u00e7in Google Translate otomatik \u00e7eviri hizmetini kullan\u0131r. Mevcut 103 dil ile siteniz internet kullan\u0131c\u0131lar\u0131n\u0131n %99&#8217;undan fazlas\u0131 taraf\u0131ndan kullan\u0131labilir olacakt\u0131r. \u00dccretli s\u00fcr\u00fcmlerimiz tamamen SEO uyumludur, bu da uluslararas\u0131 trafi\u011finizi ve sat\u0131\u015flar\u0131n\u0131z\u0131 art\u0131racakt\u0131r. Bu \u00e7eviri eklentisi, paradan tasarruf etmek i\u00e7in otomatik ve [&hellip;]<\/p>\n","protected":false},"featured_media":12895,"comment_status":"open","ping_status":"closed","template":"","meta":[],"product_brand":[],"product_cat":[1413],"product_tag":[2277,2278,1560,2276,1561],"class_list":{"0":"post-14288","1":"product","2":"type-product","3":"status-publish","4":"has-post-thumbnail","6":"product_cat-eklentiler","7":"product_tag-ceviri","8":"product_tag-cevirmen","9":"product_tag-cok-dilli","10":"product_tag-dil","11":"product_tag-tercume-etmek","13":"first","14":"instock","15":"downloadable","16":"virtual","17":"product-type-simple"},"_links":{"self":[{"href":"https:\/\/hexexist.com\/tr\/wp-json\/wp\/v2\/product\/14288","targetHints":{"allow":["GET"]}}],"collection":[{"href":"https:\/\/hexexist.com\/tr\/wp-json\/wp\/v2\/product"}],"about":[{"href":"https:\/\/hexexist.com\/tr\/wp-json\/wp\/v2\/types\/product"}],"replies":[{"embeddable":true,"href":"https:\/\/hexexist.com\/tr\/wp-json\/wp\/v2\/comments?post=14288"}],"wp:featuredmedia":[{"embeddable":true,"href":"https:\/\/hexexist.com\/tr\/wp-json\/wp\/v2\/media\/12895"}],"wp:attachment":[{"href":"https:\/\/hexexist.com\/tr\/wp-json\/wp\/v2\/media?parent=14288"}],"wp:term":[{"taxonomy":"product_brand","embeddable":true,"href":"https:\/\/hexexist.com\/tr\/wp-json\/wp\/v2\/product_brand?post=14288"},{"taxonomy":"product_cat","embeddable":true,"href":"https:\/\/hexexist.com\/tr\/wp-json\/wp\/v2\/product_cat?post=14288"},{"taxonomy":"product_tag","embeddable":true,"href":"https:\/\/hexexist.com\/tr\/wp-json\/wp\/v2\/product_tag?post=14288"}],"curies":[{"name":"wp","href":"https:\/\/api.w.org\/{rel}","templated":true}]}}