{"id":14289,"date":"2025-10-09T09:49:23","date_gmt":"2025-10-09T09:49:23","guid":{"rendered":"http:\/\/hexexist.com\/product\/saglam-guvenlik-parolasi-iki-faktorlu-kimlik-dogrulama-ve-kaba-kuvvet-korumasi\/"},"modified":"2025-10-09T09:49:23","modified_gmt":"2025-10-09T09:49:23","slug":"saglam-guvenlik-parolasi-iki-faktorlu-kimlik-dogrulama-ve-kaba-kuvvet-korumasi","status":"publish","type":"product","link":"https:\/\/hexexist.com\/tr\/urun\/saglam-guvenlik-parolasi-iki-faktorlu-kimlik-dogrulama-ve-kaba-kuvvet-korumasi\/","title":{"rendered":"Sa\u011flam G\u00fcvenlik Parolas\u0131, \u0130ki Fakt\u00f6rl\u00fc Kimlik Do\u011frulama ve Kaba Kuvvet Korumas\u0131"},"content":{"rendered":"<p>Eski ad\u0131yla iThemes Security. iThemes&#8217;i mi ar\u0131yorsunuz? Buradan daha fazlas\u0131n\u0131 \u00f6\u011frenin.  <\/p>\n","protected":false},"excerpt":{"rendered":"<p>Eski ad\u0131yla iThemes Security. iThemes&#8217;i mi ar\u0131yorsunuz? Buradan daha fazlas\u0131n\u0131 \u00f6\u011frenin.<\/p>\n","protected":false},"featured_media":12889,"comment_status":"open","ping_status":"closed","template":"","meta":[],"product_brand":[],"product_cat":[1413],"product_tag":[1455,1617,2715,1454,1508],"class_list":{"0":"post-14289","1":"product","2":"type-product","3":"status-publish","4":"has-post-thumbnail","6":"product_cat-eklentiler","7":"product_tag-guvenlik","8":"product_tag-iki-faktorlu-kimlik-dogrulama","9":"product_tag-kaba-kuvvet-korumasi","10":"product_tag-kotu-amacli-yazilim","11":"product_tag-parola-korumasi","13":"first","14":"instock","15":"downloadable","16":"virtual","17":"product-type-simple"},"_links":{"self":[{"href":"https:\/\/hexexist.com\/tr\/wp-json\/wp\/v2\/product\/14289","targetHints":{"allow":["GET"]}}],"collection":[{"href":"https:\/\/hexexist.com\/tr\/wp-json\/wp\/v2\/product"}],"about":[{"href":"https:\/\/hexexist.com\/tr\/wp-json\/wp\/v2\/types\/product"}],"replies":[{"embeddable":true,"href":"https:\/\/hexexist.com\/tr\/wp-json\/wp\/v2\/comments?post=14289"}],"wp:featuredmedia":[{"embeddable":true,"href":"https:\/\/hexexist.com\/tr\/wp-json\/wp\/v2\/media\/12889"}],"wp:attachment":[{"href":"https:\/\/hexexist.com\/tr\/wp-json\/wp\/v2\/media?parent=14289"}],"wp:term":[{"taxonomy":"product_brand","embeddable":true,"href":"https:\/\/hexexist.com\/tr\/wp-json\/wp\/v2\/product_brand?post=14289"},{"taxonomy":"product_cat","embeddable":true,"href":"https:\/\/hexexist.com\/tr\/wp-json\/wp\/v2\/product_cat?post=14289"},{"taxonomy":"product_tag","embeddable":true,"href":"https:\/\/hexexist.com\/tr\/wp-json\/wp\/v2\/product_tag?post=14289"}],"curies":[{"name":"wp","href":"https:\/\/api.w.org\/{rel}","templated":true}]}}