{"id":14290,"date":"2025-10-09T09:49:24","date_gmt":"2025-10-09T09:49:24","guid":{"rendered":"http:\/\/hexexist.com\/product\/woocommerce-icin-google\/"},"modified":"2025-10-09T09:49:24","modified_gmt":"2025-10-09T09:49:24","slug":"woocommerce-icin-google","status":"publish","type":"product","link":"https:\/\/hexexist.com\/tr\/urun\/woocommerce-icin-google\/","title":{"rendered":"WooCommerce i\u00e7in Google"},"content":{"rendered":"<p>WooCommerce i\u00e7in Google uzant\u0131s\u0131 ile WooCommerce \u00fcr\u00fcn ak\u0131\u015f\u0131n\u0131z\u0131 Google&#8217;da zahmetsizce senkronize edin ve milyonlarca ilgili m\u00fc\u015fteri taraf\u0131ndan g\u00f6r\u00fcn\u00fcn. \u0130ndirme ve kurulum sadece be\u015f dakika s\u00fcrer. <\/p>\n","protected":false},"excerpt":{"rendered":"<p>WooCommerce i\u00e7in Google uzant\u0131s\u0131 ile WooCommerce \u00fcr\u00fcn ak\u0131\u015f\u0131n\u0131z\u0131 Google&#8217;da zahmetsizce senkronize edin ve milyonlarca ilgili m\u00fc\u015fteri taraf\u0131ndan g\u00f6r\u00fcn\u00fcn. \u0130ndirme ve kurulum sadece be\u015f dakika s\u00fcrer.<\/p>\n","protected":false},"featured_media":12894,"comment_status":"open","ping_status":"closed","template":"","meta":[],"product_brand":[],"product_cat":[1413],"product_tag":[1502,2716,1958,1569,1459],"class_list":{"0":"post-14290","1":"product","2":"type-product","3":"status-publish","4":"has-post-thumbnail","6":"product_cat-eklentiler","7":"product_tag-google-tr","8":"product_tag-listeler","9":"product_tag-reklamlar","10":"product_tag-urun-beslemesi","11":"product_tag-woocommerce-tr","13":"first","14":"instock","15":"downloadable","16":"virtual","17":"product-type-simple"},"_links":{"self":[{"href":"https:\/\/hexexist.com\/tr\/wp-json\/wp\/v2\/product\/14290","targetHints":{"allow":["GET"]}}],"collection":[{"href":"https:\/\/hexexist.com\/tr\/wp-json\/wp\/v2\/product"}],"about":[{"href":"https:\/\/hexexist.com\/tr\/wp-json\/wp\/v2\/types\/product"}],"replies":[{"embeddable":true,"href":"https:\/\/hexexist.com\/tr\/wp-json\/wp\/v2\/comments?post=14290"}],"wp:featuredmedia":[{"embeddable":true,"href":"https:\/\/hexexist.com\/tr\/wp-json\/wp\/v2\/media\/12894"}],"wp:attachment":[{"href":"https:\/\/hexexist.com\/tr\/wp-json\/wp\/v2\/media?parent=14290"}],"wp:term":[{"taxonomy":"product_brand","embeddable":true,"href":"https:\/\/hexexist.com\/tr\/wp-json\/wp\/v2\/product_brand?post=14290"},{"taxonomy":"product_cat","embeddable":true,"href":"https:\/\/hexexist.com\/tr\/wp-json\/wp\/v2\/product_cat?post=14290"},{"taxonomy":"product_tag","embeddable":true,"href":"https:\/\/hexexist.com\/tr\/wp-json\/wp\/v2\/product_tag?post=14290"}],"curies":[{"name":"wp","href":"https:\/\/api.w.org\/{rel}","templated":true}]}}