{"id":14291,"date":"2025-10-09T09:49:23","date_gmt":"2025-10-09T09:49:23","guid":{"rendered":"http:\/\/hexexist.com\/product\/otomatik-optimize-et\/"},"modified":"2025-10-09T09:49:23","modified_gmt":"2025-10-09T09:49:23","slug":"otomatik-optimize-et","status":"publish","type":"product","link":"https:\/\/hexexist.com\/tr\/urun\/otomatik-optimize-et\/","title":{"rendered":"Otomatik Optimize Et"},"content":{"rendered":"<p>Autoptimize sitenizi optimize etmeyi ger\u00e7ekten kolayla\u015ft\u0131r\u0131r. Komut dosyalar\u0131n\u0131 ve stilleri toplayabilir, k\u00fc\u00e7\u00fcltebilir ve \u00f6nbelle\u011fe alabilir, CSS&#8217;yi varsay\u0131lan olarak sayfa ba\u015f\u0131na enjekte eder, ancak kritik CSS&#8217;yi de sat\u0131r i\u00e7ine alabilir ve toplanan tam CSS&#8217;yi erteleyebilir, komut dosyalar\u0131n\u0131 altbilgiye ta\u015f\u0131yabilir ve erteleyebilir ve HTML&#8217;yi k\u00fc\u00e7\u00fcltebilir. G\u00f6r\u00fcnt\u00fcleri optimize edebilir ve tembel y\u00fckleyebilir (WebP ve AVIF formatlar\u0131n\u0131 destekleyerek), Google Yaz\u0131 Tiplerini optimize edebilir, toplu olmayan JavaScript&#8217;i asenkronize edebilir, WordPress \u00e7ekirdek emoji kal\u0131nt\u0131lar\u0131n\u0131 kald\u0131rabilir ve daha fazlas\u0131n\u0131 yapabilirsiniz. Bu nedenle, HTTP\/2&#8217;de bile sitenizin performans\u0131n\u0131 art\u0131rabilir! Autoptimize&#8217;\u0131 her bir sitenin \u00f6zel ihtiya\u00e7lar\u0131na g\u00f6re uyarlayabilmeniz i\u00e7in kapsaml\u0131 bir API mevcuttur. Performans\u0131n ger\u00e7ekten \u00f6nemli oldu\u011funu d\u00fc\u015f\u00fcn\u00fcyorsan\u0131z, Autoptimize&#8217;\u0131 tamamlamak i\u00e7in en az\u0131ndan bir\u00e7ok \u00fccretsiz sayfa \u00f6nbellekleme eklentisinden birini (\u00f6rne\u011fin Speed Booster paketi veya KeyCDN&#8217;in Cache Enabler&#8217;\u0131) d\u00fc\u015f\u00fcnmeli veya hatta yaln\u0131zca sayfa \u00f6nbelle\u011fe alma de\u011fil, ayn\u0131 zamanda g\u00f6r\u00fcnt\u00fc optimizasyonu, CDN, kritik CSS ve daha fazlas\u0131n\u0131 i\u00e7eren Autoptimize Pro&#8217;yu d\u00fc\u015f\u00fcnmelisiniz!     <\/p>\n","protected":false},"excerpt":{"rendered":"<p>Autoptimize sitenizi optimize etmeyi ger\u00e7ekten kolayla\u015ft\u0131r\u0131r. Komut dosyalar\u0131n\u0131 ve stilleri toplayabilir, k\u00fc\u00e7\u00fcltebilir ve \u00f6nbelle\u011fe alabilir, CSS&#8217;yi varsay\u0131lan olarak sayfa ba\u015f\u0131na enjekte eder, ancak kritik CSS&#8217;yi de sat\u0131r i\u00e7ine alabilir ve toplanan tam CSS&#8217;yi erteleyebilir, komut dosyalar\u0131n\u0131 altbilgiye ta\u015f\u0131yabilir ve erteleyebilir ve HTML&#8217;yi k\u00fc\u00e7\u00fcltebilir. G\u00f6r\u00fcnt\u00fcleri optimize edebilir ve tembel y\u00fckleyebilir (WebP ve AVIF formatlar\u0131n\u0131 destekleyerek), Google [&hellip;]<\/p>\n","protected":false},"featured_media":12888,"comment_status":"open","ping_status":"closed","template":"","meta":[],"product_brand":[],"product_cat":[1413],"product_tag":[2708,1449,1626,1469,1471],"class_list":{"0":"post-14291","1":"product","2":"type-product","3":"status-publish","4":"has-post-thumbnail","6":"product_cat-eklentiler","7":"product_tag-core-web-vitalals","8":"product_tag-goruntuler","9":"product_tag-optimize-edin","10":"product_tag-performans","11":"product_tag-sayfa-hizi","13":"first","14":"instock","15":"downloadable","16":"virtual","17":"product-type-simple"},"_links":{"self":[{"href":"https:\/\/hexexist.com\/tr\/wp-json\/wp\/v2\/product\/14291","targetHints":{"allow":["GET"]}}],"collection":[{"href":"https:\/\/hexexist.com\/tr\/wp-json\/wp\/v2\/product"}],"about":[{"href":"https:\/\/hexexist.com\/tr\/wp-json\/wp\/v2\/types\/product"}],"replies":[{"embeddable":true,"href":"https:\/\/hexexist.com\/tr\/wp-json\/wp\/v2\/comments?post=14291"}],"wp:featuredmedia":[{"embeddable":true,"href":"https:\/\/hexexist.com\/tr\/wp-json\/wp\/v2\/media\/12888"}],"wp:attachment":[{"href":"https:\/\/hexexist.com\/tr\/wp-json\/wp\/v2\/media?parent=14291"}],"wp:term":[{"taxonomy":"product_brand","embeddable":true,"href":"https:\/\/hexexist.com\/tr\/wp-json\/wp\/v2\/product_brand?post=14291"},{"taxonomy":"product_cat","embeddable":true,"href":"https:\/\/hexexist.com\/tr\/wp-json\/wp\/v2\/product_cat?post=14291"},{"taxonomy":"product_tag","embeddable":true,"href":"https:\/\/hexexist.com\/tr\/wp-json\/wp\/v2\/product_tag?post=14291"}],"curies":[{"name":"wp","href":"https:\/\/api.w.org\/{rel}","templated":true}]}}