{"id":14293,"date":"2025-10-09T09:49:23","date_gmt":"2025-10-09T09:49:23","guid":{"rendered":"http:\/\/hexexist.com\/product\/all-in-one-security-aios-guvenlik-ve-guvenlik-duvari\/"},"modified":"2025-10-09T09:49:23","modified_gmt":"2025-10-09T09:49:23","slug":"all-in-one-security-aios-guvenlik-ve-guvenlik-duvari","status":"publish","type":"product","link":"https:\/\/hexexist.com\/tr\/urun\/all-in-one-security-aios-guvenlik-ve-guvenlik-duvari\/","title":{"rendered":"All-In-One Security (AIOS) G\u00fcvenlik ve G\u00fcvenlik Duvar\u0131"},"content":{"rendered":"<p>All-in-One Security (AIOS), UpdraftPlus&#8217;\u0131 size getiren ayn\u0131 g\u00fcvenilir ekipten bir WordPress g\u00fcvenlik eklentisidir.<\/p>\n","protected":false},"excerpt":{"rendered":"<p>All-in-One Security (AIOS), UpdraftPlus&#8217;\u0131 size getiren ayn\u0131 g\u00fcvenilir ekipten bir WordPress g\u00fcvenlik eklentisidir.<\/p>\n","protected":false},"featured_media":12829,"comment_status":"open","ping_status":"closed","template":"","meta":[],"product_brand":[],"product_cat":[1413],"product_tag":[1457,1455,1456,1617],"class_list":{"0":"post-14293","1":"product","2":"type-product","3":"status-publish","4":"has-post-thumbnail","6":"product_cat-eklentiler","7":"product_tag-giris-guvenligi","8":"product_tag-guvenlik","9":"product_tag-guvenlik-duvari","10":"product_tag-iki-faktorlu-kimlik-dogrulama","12":"first","13":"instock","14":"downloadable","15":"virtual","16":"product-type-simple"},"_links":{"self":[{"href":"https:\/\/hexexist.com\/tr\/wp-json\/wp\/v2\/product\/14293","targetHints":{"allow":["GET"]}}],"collection":[{"href":"https:\/\/hexexist.com\/tr\/wp-json\/wp\/v2\/product"}],"about":[{"href":"https:\/\/hexexist.com\/tr\/wp-json\/wp\/v2\/types\/product"}],"replies":[{"embeddable":true,"href":"https:\/\/hexexist.com\/tr\/wp-json\/wp\/v2\/comments?post=14293"}],"wp:featuredmedia":[{"embeddable":true,"href":"https:\/\/hexexist.com\/tr\/wp-json\/wp\/v2\/media\/12829"}],"wp:attachment":[{"href":"https:\/\/hexexist.com\/tr\/wp-json\/wp\/v2\/media?parent=14293"}],"wp:term":[{"taxonomy":"product_brand","embeddable":true,"href":"https:\/\/hexexist.com\/tr\/wp-json\/wp\/v2\/product_brand?post=14293"},{"taxonomy":"product_cat","embeddable":true,"href":"https:\/\/hexexist.com\/tr\/wp-json\/wp\/v2\/product_cat?post=14293"},{"taxonomy":"product_tag","embeddable":true,"href":"https:\/\/hexexist.com\/tr\/wp-json\/wp\/v2\/product_tag?post=14293"}],"curies":[{"name":"wp","href":"https:\/\/api.w.org\/{rel}","templated":true}]}}