{"id":14294,"date":"2025-10-09T09:49:24","date_gmt":"2025-10-09T09:49:24","guid":{"rendered":"http:\/\/hexexist.com\/product\/gdpr-ccpa-icin-cerez-bildirimi-ve-uyumluluk\/"},"modified":"2025-10-09T09:49:24","modified_gmt":"2025-10-09T09:49:24","slug":"gdpr-ccpa-icin-cerez-bildirimi-ve-uyumluluk","status":"publish","type":"product","link":"https:\/\/hexexist.com\/tr\/urun\/gdpr-ccpa-icin-cerez-bildirimi-ve-uyumluluk\/","title":{"rendered":"GDPR \/ CCPA i\u00e7in \u00c7erez Bildirimi ve Uyumluluk"},"content":{"rendered":"<p>Cookie Notice, web sitenizin AB GDPR \u00e7erez yasas\u0131 ve CCPA d\u00fczenlemeleri kapsam\u0131ndaki belirli \u00e7erez onay\u0131 gerekliliklerine uymas\u0131na yard\u0131mc\u0131 olmak i\u00e7in kullan\u0131labilecek basit, \u00f6zelle\u015ftirilebilir bir web sitesi banner&#8217;\u0131 sa\u011flar ve sitenizin mevcut onay yasalar\u0131ndaki en son g\u00fcncellemelere uymas\u0131na yard\u0131mc\u0131 olmak i\u00e7in Cookie Compliance ile sorunsuz entegrasyon i\u00e7erir.<\/p>\n","protected":false},"excerpt":{"rendered":"<p>Cookie Notice, web sitenizin AB GDPR \u00e7erez yasas\u0131 ve CCPA d\u00fczenlemeleri kapsam\u0131ndaki belirli \u00e7erez onay\u0131 gerekliliklerine uymas\u0131na yard\u0131mc\u0131 olmak i\u00e7in kullan\u0131labilecek basit, \u00f6zelle\u015ftirilebilir bir web sitesi banner&#8217;\u0131 sa\u011flar ve sitenizin mevcut onay yasalar\u0131ndaki en son g\u00fcncellemelere uymas\u0131na yard\u0131mc\u0131 olmak i\u00e7in Cookie Compliance ile sorunsuz entegrasyon i\u00e7erir.<\/p>\n","protected":false},"featured_media":12892,"comment_status":"open","ping_status":"closed","template":"","meta":[],"product_brand":[],"product_cat":[1413],"product_tag":[1466,1462,2464,2050,1464],"class_list":{"0":"post-14294","1":"product","2":"type-product","3":"status-publish","4":"has-post-thumbnail","6":"product_cat-eklentiler","7":"product_tag-ccpa-tr","8":"product_tag-gdpr-tr","9":"product_tag-kurabiyeler","10":"product_tag-mahremiyet","11":"product_tag-riza","13":"first","14":"instock","15":"downloadable","16":"virtual","17":"product-type-simple"},"_links":{"self":[{"href":"https:\/\/hexexist.com\/tr\/wp-json\/wp\/v2\/product\/14294","targetHints":{"allow":["GET"]}}],"collection":[{"href":"https:\/\/hexexist.com\/tr\/wp-json\/wp\/v2\/product"}],"about":[{"href":"https:\/\/hexexist.com\/tr\/wp-json\/wp\/v2\/types\/product"}],"replies":[{"embeddable":true,"href":"https:\/\/hexexist.com\/tr\/wp-json\/wp\/v2\/comments?post=14294"}],"wp:featuredmedia":[{"embeddable":true,"href":"https:\/\/hexexist.com\/tr\/wp-json\/wp\/v2\/media\/12892"}],"wp:attachment":[{"href":"https:\/\/hexexist.com\/tr\/wp-json\/wp\/v2\/media?parent=14294"}],"wp:term":[{"taxonomy":"product_brand","embeddable":true,"href":"https:\/\/hexexist.com\/tr\/wp-json\/wp\/v2\/product_brand?post=14294"},{"taxonomy":"product_cat","embeddable":true,"href":"https:\/\/hexexist.com\/tr\/wp-json\/wp\/v2\/product_cat?post=14294"},{"taxonomy":"product_tag","embeddable":true,"href":"https:\/\/hexexist.com\/tr\/wp-json\/wp\/v2\/product_tag?post=14294"}],"curies":[{"name":"wp","href":"https:\/\/api.w.org\/{rel}","templated":true}]}}