{"id":14295,"date":"2025-10-09T09:49:25","date_gmt":"2025-10-09T09:49:25","guid":{"rendered":"http:\/\/hexexist.com\/product\/security-optimizer-hepsi-bir-arada-koruma-eklentisi\/"},"modified":"2025-10-09T09:49:25","modified_gmt":"2025-10-09T09:49:25","slug":"security-optimizer-hepsi-bir-arada-koruma-eklentisi","status":"publish","type":"product","link":"https:\/\/hexexist.com\/tr\/urun\/security-optimizer-hepsi-bir-arada-koruma-eklentisi\/","title":{"rendered":"Security Optimizer Hepsi Bir Arada Koruma Eklentisi"},"content":{"rendered":"<p>\u00dccretsiz WordPress g\u00fcvenlik eklentimiz Security Optimizer ile kaba kuvvet sald\u0131r\u0131lar\u0131, k\u00f6t\u00fc ama\u00e7l\u0131 yaz\u0131l\u0131m tehditleri ve botlar dahil olmak \u00fczere bir dizi g\u00fcvenlik ihlaline kar\u015f\u0131 birka\u00e7 t\u0131klamayla web sitenizin g\u00fcvenli\u011fini kur\u015fun ge\u00e7irmez hale getirin.<\/p>\n","protected":false},"excerpt":{"rendered":"<p>\u00dccretsiz WordPress g\u00fcvenlik eklentimiz Security Optimizer ile kaba kuvvet sald\u0131r\u0131lar\u0131, k\u00f6t\u00fc ama\u00e7l\u0131 yaz\u0131l\u0131m tehditleri ve botlar dahil olmak \u00fczere bir dizi g\u00fcvenlik ihlaline kar\u015f\u0131 birka\u00e7 t\u0131klamayla web sitenizin g\u00fcvenli\u011fini kur\u015fun ge\u00e7irmez hale getirin.<\/p>\n","protected":false},"featured_media":12900,"comment_status":"open","ping_status":"closed","template":"","meta":[],"product_brand":[],"product_cat":[1413],"product_tag":[2015,1455,1456,1458,2124],"class_list":{"0":"post-14295","1":"product","2":"type-product","3":"status-publish","4":"has-post-thumbnail","6":"product_cat-eklentiler","7":"product_tag-giris","8":"product_tag-guvenlik","9":"product_tag-guvenlik-duvari","10":"product_tag-kotu-amacli-yazilim-tarayicisi","11":"product_tag-web-uygulamasi-guvenlik-duvari","13":"first","14":"instock","15":"downloadable","16":"virtual","17":"product-type-simple"},"_links":{"self":[{"href":"https:\/\/hexexist.com\/tr\/wp-json\/wp\/v2\/product\/14295","targetHints":{"allow":["GET"]}}],"collection":[{"href":"https:\/\/hexexist.com\/tr\/wp-json\/wp\/v2\/product"}],"about":[{"href":"https:\/\/hexexist.com\/tr\/wp-json\/wp\/v2\/types\/product"}],"replies":[{"embeddable":true,"href":"https:\/\/hexexist.com\/tr\/wp-json\/wp\/v2\/comments?post=14295"}],"wp:featuredmedia":[{"embeddable":true,"href":"https:\/\/hexexist.com\/tr\/wp-json\/wp\/v2\/media\/12900"}],"wp:attachment":[{"href":"https:\/\/hexexist.com\/tr\/wp-json\/wp\/v2\/media?parent=14295"}],"wp:term":[{"taxonomy":"product_brand","embeddable":true,"href":"https:\/\/hexexist.com\/tr\/wp-json\/wp\/v2\/product_brand?post=14295"},{"taxonomy":"product_cat","embeddable":true,"href":"https:\/\/hexexist.com\/tr\/wp-json\/wp\/v2\/product_cat?post=14295"},{"taxonomy":"product_tag","embeddable":true,"href":"https:\/\/hexexist.com\/tr\/wp-json\/wp\/v2\/product_tag?post=14295"}],"curies":[{"name":"wp","href":"https:\/\/api.w.org\/{rel}","templated":true}]}}