{"id":14296,"date":"2025-10-09T09:49:25","date_gmt":"2025-10-09T09:49:25","guid":{"rendered":"http:\/\/hexexist.com\/product\/guvenli-svg\/"},"modified":"2025-10-09T09:49:25","modified_gmt":"2025-10-09T09:49:25","slug":"guvenli-svg","status":"publish","type":"product","link":"https:\/\/hexexist.com\/tr\/urun\/guvenli-svg\/","title":{"rendered":"G\u00fcvenli SVG"},"content":{"rendered":"<p>Safe SVG, WordPress&#8217;te SVG Y\u00fcklemelerine \u0130zin Vermenin en iyi yoludur!<\/p>\n","protected":false},"excerpt":{"rendered":"<p>Safe SVG, WordPress&#8217;te SVG Y\u00fcklemelerine \u0130zin Vermenin en iyi yoludur!<\/p>\n","protected":false},"featured_media":12899,"comment_status":"open","ping_status":"closed","template":"","meta":[],"product_brand":[],"product_cat":[1413],"product_tag":[1455,1450,2719,2700,2701],"class_list":{"0":"post-14296","1":"product","2":"type-product","3":"status-publish","4":"has-post-thumbnail","6":"product_cat-eklentiler","7":"product_tag-guvenlik","8":"product_tag-medya","9":"product_tag-mime-tr","10":"product_tag-svg-tr","11":"product_tag-vektor","13":"first","14":"instock","15":"downloadable","16":"virtual","17":"product-type-simple"},"_links":{"self":[{"href":"https:\/\/hexexist.com\/tr\/wp-json\/wp\/v2\/product\/14296","targetHints":{"allow":["GET"]}}],"collection":[{"href":"https:\/\/hexexist.com\/tr\/wp-json\/wp\/v2\/product"}],"about":[{"href":"https:\/\/hexexist.com\/tr\/wp-json\/wp\/v2\/types\/product"}],"replies":[{"embeddable":true,"href":"https:\/\/hexexist.com\/tr\/wp-json\/wp\/v2\/comments?post=14296"}],"wp:featuredmedia":[{"embeddable":true,"href":"https:\/\/hexexist.com\/tr\/wp-json\/wp\/v2\/media\/12899"}],"wp:attachment":[{"href":"https:\/\/hexexist.com\/tr\/wp-json\/wp\/v2\/media?parent=14296"}],"wp:term":[{"taxonomy":"product_brand","embeddable":true,"href":"https:\/\/hexexist.com\/tr\/wp-json\/wp\/v2\/product_brand?post=14296"},{"taxonomy":"product_cat","embeddable":true,"href":"https:\/\/hexexist.com\/tr\/wp-json\/wp\/v2\/product_cat?post=14296"},{"taxonomy":"product_tag","embeddable":true,"href":"https:\/\/hexexist.com\/tr\/wp-json\/wp\/v2\/product_tag?post=14296"}],"curies":[{"name":"wp","href":"https:\/\/api.w.org\/{rel}","templated":true}]}}