{"id":14297,"date":"2025-10-09T09:49:24","date_gmt":"2025-10-09T09:49:24","guid":{"rendered":"http:\/\/hexexist.com\/product\/seedprod-tarafindan-web-sitesi-olusturucu-tema-olusturucu-acilis-sayfasi-olusturucu-yakinda-sayfasi-bakim-modu\/"},"modified":"2025-10-09T09:49:24","modified_gmt":"2025-10-09T09:49:24","slug":"seedprod-tarafindan-web-sitesi-olusturucu-tema-olusturucu-acilis-sayfasi-olusturucu-yakinda-sayfasi-bakim-modu","status":"publish","type":"product","link":"https:\/\/hexexist.com\/tr\/urun\/seedprod-tarafindan-web-sitesi-olusturucu-tema-olusturucu-acilis-sayfasi-olusturucu-yakinda-sayfasi-bakim-modu\/","title":{"rendered":"SeedProd taraf\u0131ndan Web Sitesi Olu\u015fturucu ? Tema Olu\u015fturucu, A\u00e7\u0131l\u0131\u015f Sayfas\u0131 Olu\u015fturucu, Yak\u0131nda Sayfas\u0131, Bak\u0131m Modu"},"content":{"rendered":"<p>SeedProd ilk olarak 2011 y\u0131l\u0131nda olu\u015fturuldu ve bir \u00c7ok Yak\u0131nda Sayfas\u0131 veya Bak\u0131m Modu Sayfas\u0131 olu\u015fturman\u0131za izin verdi. Ziyaret\u00e7iler bir &#8220;\u00c7ok Yak\u0131nda&#8221; veya &#8220;Bak\u0131m Modu&#8221; sayfas\u0131 g\u00f6r\u00fcrken siz web siteniz \u00fczerinde \u00f6zel olarak \u00e7al\u0131\u015fabiliyordunuz. Bunu hala yap\u0131yor ve ger\u00e7ekten \u00e7ok iyi!<\/p>\n","protected":false},"excerpt":{"rendered":"<p>SeedProd ilk olarak 2011 y\u0131l\u0131nda olu\u015fturuldu ve bir \u00c7ok Yak\u0131nda Sayfas\u0131 veya Bak\u0131m Modu Sayfas\u0131 olu\u015fturman\u0131za izin verdi. Ziyaret\u00e7iler bir &#8220;\u00c7ok Yak\u0131nda&#8221; veya &#8220;Bak\u0131m Modu&#8221; sayfas\u0131 g\u00f6r\u00fcrken siz web siteniz \u00fczerinde \u00f6zel olarak \u00e7al\u0131\u015fabiliyordunuz. Bunu hala yap\u0131yor ve ger\u00e7ekten \u00e7ok iyi!<\/p>\n","protected":false},"featured_media":12891,"comment_status":"open","ping_status":"closed","template":"","meta":[],"product_brand":[],"product_cat":[1413],"product_tag":[1867,1857,1856,1535,1869],"class_list":{"0":"post-14297","1":"product","2":"type-product","3":"status-publish","4":"has-post-thumbnail","6":"product_cat-eklentiler","7":"product_tag-acilis-sayfasi","8":"product_tag-bakim-modu","9":"product_tag-cok-yakinda-sayfasi","10":"product_tag-sayfa-olusturucu","11":"product_tag-web-sitesi-olusturucu","13":"first","14":"instock","15":"downloadable","16":"virtual","17":"product-type-simple"},"_links":{"self":[{"href":"https:\/\/hexexist.com\/tr\/wp-json\/wp\/v2\/product\/14297","targetHints":{"allow":["GET"]}}],"collection":[{"href":"https:\/\/hexexist.com\/tr\/wp-json\/wp\/v2\/product"}],"about":[{"href":"https:\/\/hexexist.com\/tr\/wp-json\/wp\/v2\/types\/product"}],"replies":[{"embeddable":true,"href":"https:\/\/hexexist.com\/tr\/wp-json\/wp\/v2\/comments?post=14297"}],"wp:featuredmedia":[{"embeddable":true,"href":"https:\/\/hexexist.com\/tr\/wp-json\/wp\/v2\/media\/12891"}],"wp:attachment":[{"href":"https:\/\/hexexist.com\/tr\/wp-json\/wp\/v2\/media?parent=14297"}],"wp:term":[{"taxonomy":"product_brand","embeddable":true,"href":"https:\/\/hexexist.com\/tr\/wp-json\/wp\/v2\/product_brand?post=14297"},{"taxonomy":"product_cat","embeddable":true,"href":"https:\/\/hexexist.com\/tr\/wp-json\/wp\/v2\/product_cat?post=14297"},{"taxonomy":"product_tag","embeddable":true,"href":"https:\/\/hexexist.com\/tr\/wp-json\/wp\/v2\/product_tag?post=14297"}],"curies":[{"name":"wp","href":"https:\/\/api.w.org\/{rel}","templated":true}]}}