{"id":14298,"date":"2025-10-09T09:49:25","date_gmt":"2025-10-09T09:49:25","guid":{"rendered":"http:\/\/hexexist.com\/product\/woocommerce-stripe-odeme-gecidi\/"},"modified":"2025-10-09T09:49:25","modified_gmt":"2025-10-09T09:49:25","slug":"woocommerce-stripe-odeme-gecidi","status":"publish","type":"product","link":"https:\/\/hexexist.com\/tr\/urun\/woocommerce-stripe-odeme-gecidi\/","title":{"rendered":"WooCommerce Stripe \u00d6deme Ge\u00e7idi"},"content":{"rendered":"<p>De\u011fi\u015fen t\u00fcketici davran\u0131\u015flar\u0131, d\u00f6n\u00fc\u015f\u00fcm\u00fc art\u0131rmak ve maliyetleri d\u00fc\u015f\u00fcrmek i\u00e7in harika olan ancak i\u015fletmeler i\u00e7in s\u00fcrd\u00fcr\u00fclmesi zor olabilen \u00f6deme y\u00f6ntemlerinde ve deneyimlerinde bir patlamaya neden oldu. Siz ana i\u015finize odaklanmaya devam ederken m\u00fc\u015fterilere s\u0131n\u0131f\u0131n\u0131n en iyisi bir \u00f6deme deneyimi sunun. Bu, Stripe ve WooCommerce taraf\u0131ndan olu\u015fturulan resmi eklentidir.<\/p>\n","protected":false},"excerpt":{"rendered":"<p>De\u011fi\u015fen t\u00fcketici davran\u0131\u015flar\u0131, d\u00f6n\u00fc\u015f\u00fcm\u00fc art\u0131rmak ve maliyetleri d\u00fc\u015f\u00fcrmek i\u00e7in harika olan ancak i\u015fletmeler i\u00e7in s\u00fcrd\u00fcr\u00fclmesi zor olabilen \u00f6deme y\u00f6ntemlerinde ve deneyimlerinde bir patlamaya neden oldu. Siz ana i\u015finize odaklanmaya devam ederken m\u00fc\u015fterilere s\u0131n\u0131f\u0131n\u0131n en iyisi bir \u00f6deme deneyimi sunun. Bu, Stripe ve WooCommerce taraf\u0131ndan olu\u015fturulan resmi eklentidir.<\/p>\n","protected":false},"featured_media":12903,"comment_status":"open","ping_status":"closed","template":"","meta":[],"product_brand":[],"product_cat":[1413],"product_tag":[1707,1461,1865,1710,1459],"class_list":{"0":"post-14298","1":"product","2":"type-product","3":"status-publish","4":"has-post-thumbnail","6":"product_cat-eklentiler","7":"product_tag-kredi-karti","8":"product_tag-odemeler","9":"product_tag-serit","10":"product_tag-woo-tr","11":"product_tag-woocommerce-tr","13":"first","14":"instock","15":"downloadable","16":"virtual","17":"product-type-simple"},"_links":{"self":[{"href":"https:\/\/hexexist.com\/tr\/wp-json\/wp\/v2\/product\/14298","targetHints":{"allow":["GET"]}}],"collection":[{"href":"https:\/\/hexexist.com\/tr\/wp-json\/wp\/v2\/product"}],"about":[{"href":"https:\/\/hexexist.com\/tr\/wp-json\/wp\/v2\/types\/product"}],"replies":[{"embeddable":true,"href":"https:\/\/hexexist.com\/tr\/wp-json\/wp\/v2\/comments?post=14298"}],"wp:featuredmedia":[{"embeddable":true,"href":"https:\/\/hexexist.com\/tr\/wp-json\/wp\/v2\/media\/12903"}],"wp:attachment":[{"href":"https:\/\/hexexist.com\/tr\/wp-json\/wp\/v2\/media?parent=14298"}],"wp:term":[{"taxonomy":"product_brand","embeddable":true,"href":"https:\/\/hexexist.com\/tr\/wp-json\/wp\/v2\/product_brand?post=14298"},{"taxonomy":"product_cat","embeddable":true,"href":"https:\/\/hexexist.com\/tr\/wp-json\/wp\/v2\/product_cat?post=14298"},{"taxonomy":"product_tag","embeddable":true,"href":"https:\/\/hexexist.com\/tr\/wp-json\/wp\/v2\/product_tag?post=14298"}],"curies":[{"name":"wp","href":"https:\/\/api.w.org\/{rel}","templated":true}]}}