{"id":14300,"date":"2025-10-09T09:49:25","date_gmt":"2025-10-09T09:49:25","guid":{"rendered":"http:\/\/hexexist.com\/product\/w3-total-cache\/"},"modified":"2025-10-09T09:49:25","modified_gmt":"2025-10-09T09:49:25","slug":"w3-total-cache","status":"publish","type":"product","link":"https:\/\/hexexist.com\/tr\/urun\/w3-total-cache\/","title":{"rendered":"W3 Total Cache"},"content":{"rendered":"<p>W3 Total Cache (W3TC), i\u00e7erik da\u011f\u0131t\u0131m a\u011f\u0131 (CDN) entegrasyonu ve en son en iyi uygulamalar gibi \u00f6zelliklerden yararlanarak web sitesi performans\u0131n\u0131 art\u0131r\u0131p y\u00fckleme s\u00fcrelerini azaltarak sitenizin SEO&#8217;sunu, Temel Web De\u011ferlerini ve genel kullan\u0131c\u0131 deneyimini iyile\u015ftirir.<\/p>\n","protected":false},"excerpt":{"rendered":"<p>W3 Total Cache (W3TC), i\u00e7erik da\u011f\u0131t\u0131m a\u011f\u0131 (CDN) entegrasyonu ve en son en iyi uygulamalar gibi \u00f6zelliklerden yararlanarak web sitesi performans\u0131n\u0131 art\u0131r\u0131p y\u00fckleme s\u00fcrelerini azaltarak sitenizin SEO&#8217;sunu, Temel Web De\u011ferlerini ve genel kullan\u0131c\u0131 deneyimini iyile\u015ftirir.<\/p>\n","protected":false},"featured_media":12902,"comment_status":"open","ping_status":"closed","template":"","meta":[],"product_brand":[],"product_cat":[1413],"product_tag":[2534,1737,1626,1469,1471],"class_list":{"0":"post-14300","1":"product","2":"type-product","3":"status-publish","4":"has-post-thumbnail","6":"product_cat-eklentiler","7":"product_tag-cdn-tr","8":"product_tag-onbellege-alma","9":"product_tag-optimize-edin","10":"product_tag-performans","11":"product_tag-sayfa-hizi","13":"first","14":"instock","15":"downloadable","16":"virtual","17":"product-type-simple"},"_links":{"self":[{"href":"https:\/\/hexexist.com\/tr\/wp-json\/wp\/v2\/product\/14300","targetHints":{"allow":["GET"]}}],"collection":[{"href":"https:\/\/hexexist.com\/tr\/wp-json\/wp\/v2\/product"}],"about":[{"href":"https:\/\/hexexist.com\/tr\/wp-json\/wp\/v2\/types\/product"}],"replies":[{"embeddable":true,"href":"https:\/\/hexexist.com\/tr\/wp-json\/wp\/v2\/comments?post=14300"}],"wp:featuredmedia":[{"embeddable":true,"href":"https:\/\/hexexist.com\/tr\/wp-json\/wp\/v2\/media\/12902"}],"wp:attachment":[{"href":"https:\/\/hexexist.com\/tr\/wp-json\/wp\/v2\/media?parent=14300"}],"wp:term":[{"taxonomy":"product_brand","embeddable":true,"href":"https:\/\/hexexist.com\/tr\/wp-json\/wp\/v2\/product_brand?post=14300"},{"taxonomy":"product_cat","embeddable":true,"href":"https:\/\/hexexist.com\/tr\/wp-json\/wp\/v2\/product_cat?post=14300"},{"taxonomy":"product_tag","embeddable":true,"href":"https:\/\/hexexist.com\/tr\/wp-json\/wp\/v2\/product_tag?post=14300"}],"curies":[{"name":"wp","href":"https:\/\/api.w.org\/{rel}","templated":true}]}}