{"id":14301,"date":"2025-10-09T09:49:26","date_gmt":"2025-10-09T09:49:26","guid":{"rendered":"http:\/\/hexexist.com\/product\/basit-ozel-css-ve-js\/"},"modified":"2025-10-09T09:49:26","modified_gmt":"2025-10-09T09:49:26","slug":"basit-ozel-css-ve-js","status":"publish","type":"product","link":"https:\/\/hexexist.com\/tr\/urun\/basit-ozel-css-ve-js\/","title":{"rendered":"Basit \u00d6zel CSS ve JS"},"content":{"rendered":"<p>Tema veya eklenti dosyalar\u0131n\u0131z\u0131 de\u011fi\u015ftirmenize bile gerek kalmadan kolayca \u00f6zel CSS ve JS kodu ekleyerek WordPress sitenizin g\u00f6r\u00fcn\u00fcm\u00fcn\u00fc \u00f6zelle\u015ftirin. Bu, sitenize \u00f6zel CSS ince ayarlar\u0131 eklemek i\u00e7in m\u00fckemmeldir. <\/p>\n","protected":false},"excerpt":{"rendered":"<p>Tema veya eklenti dosyalar\u0131n\u0131z\u0131 de\u011fi\u015ftirmenize bile gerek kalmadan kolayca \u00f6zel CSS ve JS kodu ekleyerek WordPress sitenizin g\u00f6r\u00fcn\u00fcm\u00fcn\u00fc \u00f6zelle\u015ftirin. Bu, sitenize \u00f6zel CSS ince ayarlar\u0131 eklemek i\u00e7in m\u00fckemmeldir.<\/p>\n","protected":false},"featured_media":12910,"comment_status":"open","ping_status":"closed","template":"","meta":[],"product_brand":[],"product_cat":[1413],"product_tag":[1523,2721,2722],"class_list":{"0":"post-14301","1":"product","2":"type-product","3":"status-publish","4":"has-post-thumbnail","6":"product_cat-eklentiler","7":"product_tag-ozel-css","8":"product_tag-ozel-js","9":"product_tag-tema-ozellestirme","11":"first","12":"instock","13":"downloadable","14":"virtual","15":"product-type-simple"},"_links":{"self":[{"href":"https:\/\/hexexist.com\/tr\/wp-json\/wp\/v2\/product\/14301","targetHints":{"allow":["GET"]}}],"collection":[{"href":"https:\/\/hexexist.com\/tr\/wp-json\/wp\/v2\/product"}],"about":[{"href":"https:\/\/hexexist.com\/tr\/wp-json\/wp\/v2\/types\/product"}],"replies":[{"embeddable":true,"href":"https:\/\/hexexist.com\/tr\/wp-json\/wp\/v2\/comments?post=14301"}],"wp:featuredmedia":[{"embeddable":true,"href":"https:\/\/hexexist.com\/tr\/wp-json\/wp\/v2\/media\/12910"}],"wp:attachment":[{"href":"https:\/\/hexexist.com\/tr\/wp-json\/wp\/v2\/media?parent=14301"}],"wp:term":[{"taxonomy":"product_brand","embeddable":true,"href":"https:\/\/hexexist.com\/tr\/wp-json\/wp\/v2\/product_brand?post=14301"},{"taxonomy":"product_cat","embeddable":true,"href":"https:\/\/hexexist.com\/tr\/wp-json\/wp\/v2\/product_cat?post=14301"},{"taxonomy":"product_tag","embeddable":true,"href":"https:\/\/hexexist.com\/tr\/wp-json\/wp\/v2\/product_tag?post=14301"}],"curies":[{"name":"wp","href":"https:\/\/api.w.org\/{rel}","templated":true}]}}