{"id":14302,"date":"2025-10-09T09:49:25","date_gmt":"2025-10-09T09:49:25","guid":{"rendered":"http:\/\/hexexist.com\/product\/akilli-kaydirici-3\/"},"modified":"2025-10-09T09:49:25","modified_gmt":"2025-10-09T09:49:25","slug":"akilli-kaydirici-3","status":"publish","type":"product","link":"https:\/\/hexexist.com\/tr\/urun\/akilli-kaydirici-3\/","title":{"rendered":"Ak\u0131ll\u0131 Kayd\u0131r\u0131c\u0131 3"},"content":{"rendered":"<p>Ana Sayfa | \u00d6zellikler | \u015eablonlar | Videolar | Dok\u00fcmanlar | Destek<\/p>\n","protected":false},"excerpt":{"rendered":"<p>Ana Sayfa | \u00d6zellikler | \u015eablonlar | Videolar | Dok\u00fcmanlar | Destek<\/p>\n","protected":false},"featured_media":12901,"comment_status":"open","ping_status":"closed","template":"","meta":[],"product_brand":[],"product_cat":[1413],"product_tag":[2724,2218,2723,1639,2220],"class_list":{"0":"post-14302","1":"product","2":"type-product","3":"status-publish","4":"has-post-thumbnail","6":"product_cat-eklentiler","7":"product_tag-duyarli-kaydirici","8":"product_tag-goruntu-kaydirici","9":"product_tag-katman-kaydirici","10":"product_tag-kaydirici","11":"product_tag-wordpress-kaydirici","13":"first","14":"instock","15":"downloadable","16":"virtual","17":"product-type-simple"},"_links":{"self":[{"href":"https:\/\/hexexist.com\/tr\/wp-json\/wp\/v2\/product\/14302","targetHints":{"allow":["GET"]}}],"collection":[{"href":"https:\/\/hexexist.com\/tr\/wp-json\/wp\/v2\/product"}],"about":[{"href":"https:\/\/hexexist.com\/tr\/wp-json\/wp\/v2\/types\/product"}],"replies":[{"embeddable":true,"href":"https:\/\/hexexist.com\/tr\/wp-json\/wp\/v2\/comments?post=14302"}],"wp:featuredmedia":[{"embeddable":true,"href":"https:\/\/hexexist.com\/tr\/wp-json\/wp\/v2\/media\/12901"}],"wp:attachment":[{"href":"https:\/\/hexexist.com\/tr\/wp-json\/wp\/v2\/media?parent=14302"}],"wp:term":[{"taxonomy":"product_brand","embeddable":true,"href":"https:\/\/hexexist.com\/tr\/wp-json\/wp\/v2\/product_brand?post=14302"},{"taxonomy":"product_cat","embeddable":true,"href":"https:\/\/hexexist.com\/tr\/wp-json\/wp\/v2\/product_cat?post=14302"},{"taxonomy":"product_tag","embeddable":true,"href":"https:\/\/hexexist.com\/tr\/wp-json\/wp\/v2\/product_tag?post=14302"}],"curies":[{"name":"wp","href":"https:\/\/api.w.org\/{rel}","templated":true}]}}