{"id":14304,"date":"2025-10-09T09:49:26","date_gmt":"2025-10-09T09:49:26","guid":{"rendered":"http:\/\/hexexist.com\/product\/holithemes-ile-sohbet-etmek-icin-tiklayiniz\/"},"modified":"2025-10-09T09:49:26","modified_gmt":"2025-10-09T09:49:26","slug":"holithemes-ile-sohbet-etmek-icin-tiklayiniz","status":"publish","type":"product","link":"https:\/\/hexexist.com\/tr\/urun\/holithemes-ile-sohbet-etmek-icin-tiklayiniz\/","title":{"rendered":"HoliThemes ile Sohbet Etmek i\u00e7in T\u0131klay\u0131n\u0131z"},"content":{"rendered":"<p>WhatsApp Sohbet. Web sayfas\u0131 ziyaret\u00e7ilerinizin tek bir t\u0131klama ile (WhatsApp Sohbet, Grup) WhatsApp veya WhatsApp Business \u00fczerinden sizinle ileti\u015fime ge\u00e7mesini sa\u011flayal\u0131m.<\/p>\n","protected":false},"excerpt":{"rendered":"<p>WhatsApp Sohbet. Web sayfas\u0131 ziyaret\u00e7ilerinizin tek bir t\u0131klama ile (WhatsApp Sohbet, Grup) WhatsApp veya WhatsApp Business \u00fczerinden sizinle ileti\u015fime ge\u00e7mesini sa\u011flayal\u0131m.<\/p>\n","protected":false},"featured_media":12908,"comment_status":"open","ping_status":"closed","template":"","meta":[],"product_brand":[],"product_cat":[1413],"product_tag":[2188,2189,2192,2193,2194],"class_list":{"0":"post-14304","1":"product","2":"type-product","3":"status-publish","4":"has-post-thumbnail","6":"product_cat-eklentiler","7":"product_tag-sohbet-etmek-icin-tiklayin","8":"product_tag-whatsapp-tr","9":"product_tag-whatsapp-is","10":"product_tag-whatsapp-sohbet","11":"product_tag-woocommerce-whatsapp-tr","13":"first","14":"instock","15":"downloadable","16":"virtual","17":"product-type-simple"},"_links":{"self":[{"href":"https:\/\/hexexist.com\/tr\/wp-json\/wp\/v2\/product\/14304","targetHints":{"allow":["GET"]}}],"collection":[{"href":"https:\/\/hexexist.com\/tr\/wp-json\/wp\/v2\/product"}],"about":[{"href":"https:\/\/hexexist.com\/tr\/wp-json\/wp\/v2\/types\/product"}],"replies":[{"embeddable":true,"href":"https:\/\/hexexist.com\/tr\/wp-json\/wp\/v2\/comments?post=14304"}],"wp:featuredmedia":[{"embeddable":true,"href":"https:\/\/hexexist.com\/tr\/wp-json\/wp\/v2\/media\/12908"}],"wp:attachment":[{"href":"https:\/\/hexexist.com\/tr\/wp-json\/wp\/v2\/media?parent=14304"}],"wp:term":[{"taxonomy":"product_brand","embeddable":true,"href":"https:\/\/hexexist.com\/tr\/wp-json\/wp\/v2\/product_brand?post=14304"},{"taxonomy":"product_cat","embeddable":true,"href":"https:\/\/hexexist.com\/tr\/wp-json\/wp\/v2\/product_cat?post=14304"},{"taxonomy":"product_tag","embeddable":true,"href":"https:\/\/hexexist.com\/tr\/wp-json\/wp\/v2\/product_tag?post=14304"}],"curies":[{"name":"wp","href":"https:\/\/api.w.org\/{rel}","templated":true}]}}