{"id":14305,"date":"2025-10-09T09:49:27","date_gmt":"2025-10-09T09:49:27","guid":{"rendered":"http:\/\/hexexist.com\/product\/elementor-icin-premium-eklentiler\/"},"modified":"2025-10-09T09:49:27","modified_gmt":"2025-10-09T09:49:27","slug":"elementor-icin-premium-eklentiler","status":"publish","type":"product","link":"https:\/\/hexexist.com\/tr\/urun\/elementor-icin-premium-eklentiler\/","title":{"rendered":"Elementor i\u00e7in Premium Eklentiler"},"content":{"rendered":"<p>Elementor Sayfa Olu\u015fturucunuzu 90&#8217;dan fazla son derece \u00f6zelle\u015ftirilebilir eklenti ve widget, 550&#8217;den fazla \u00f6nceden haz\u0131rlanm\u0131\u015f \u015fablon ile g\u00fc\u00e7lendirin ve kodlama gerektirmeden daha k\u0131sa s\u00fcrede sofistike web siteleri olu\u015fturun. Hem Elementor hem de Premium Addons eklentileri WordPress web sitenizi bir \u00fcst seviyeye ta\u015f\u0131r. <\/p>\n","protected":false},"excerpt":{"rendered":"<p>Elementor Sayfa Olu\u015fturucunuzu 90&#8217;dan fazla son derece \u00f6zelle\u015ftirilebilir eklenti ve widget, 550&#8217;den fazla \u00f6nceden haz\u0131rlanm\u0131\u015f \u015fablon ile g\u00fc\u00e7lendirin ve kodlama gerektirmeden daha k\u0131sa s\u00fcrede sofistike web siteleri olu\u015fturun. Hem Elementor hem de Premium Addons eklentileri WordPress web sitenizi bir \u00fcst seviyeye ta\u015f\u0131r.<\/p>\n","protected":false},"featured_media":12916,"comment_status":"open","ping_status":"closed","template":"","meta":[],"product_brand":[],"product_cat":[1413],"product_tag":[1532,1537,2397,1539,2030],"class_list":{"0":"post-14305","1":"product","2":"type-product","3":"status-publish","4":"has-post-thumbnail","6":"product_cat-eklentiler","7":"product_tag-elementor-tr","8":"product_tag-elementor-eklentileri","9":"product_tag-elementor-elemanlar","10":"product_tag-elementor-sablonlari","11":"product_tag-widgetlar","13":"first","14":"instock","15":"downloadable","16":"virtual","17":"product-type-simple"},"_links":{"self":[{"href":"https:\/\/hexexist.com\/tr\/wp-json\/wp\/v2\/product\/14305","targetHints":{"allow":["GET"]}}],"collection":[{"href":"https:\/\/hexexist.com\/tr\/wp-json\/wp\/v2\/product"}],"about":[{"href":"https:\/\/hexexist.com\/tr\/wp-json\/wp\/v2\/types\/product"}],"replies":[{"embeddable":true,"href":"https:\/\/hexexist.com\/tr\/wp-json\/wp\/v2\/comments?post=14305"}],"wp:featuredmedia":[{"embeddable":true,"href":"https:\/\/hexexist.com\/tr\/wp-json\/wp\/v2\/media\/12916"}],"wp:attachment":[{"href":"https:\/\/hexexist.com\/tr\/wp-json\/wp\/v2\/media?parent=14305"}],"wp:term":[{"taxonomy":"product_brand","embeddable":true,"href":"https:\/\/hexexist.com\/tr\/wp-json\/wp\/v2\/product_brand?post=14305"},{"taxonomy":"product_cat","embeddable":true,"href":"https:\/\/hexexist.com\/tr\/wp-json\/wp\/v2\/product_cat?post=14305"},{"taxonomy":"product_tag","embeddable":true,"href":"https:\/\/hexexist.com\/tr\/wp-json\/wp\/v2\/product_tag?post=14305"}],"curies":[{"name":"wp","href":"https:\/\/api.w.org\/{rel}","templated":true}]}}