{"id":14306,"date":"2025-10-09T09:49:26","date_gmt":"2025-10-09T09:49:26","guid":{"rendered":"http:\/\/hexexist.com\/product\/antispam-ari\/"},"modified":"2025-10-09T09:49:26","modified_gmt":"2025-10-09T09:49:26","slug":"antispam-ari","status":"publish","type":"product","link":"https:\/\/hexexist.com\/tr\/urun\/antispam-ari\/","title":{"rendered":"Antispam Ar\u0131"},"content":{"rendered":"<p>WordPress blogunuzda veya web sitenizde yorum spam&#8217;lerine elveda deyin. Antispam Bee, spam yorumlar\u0131 ve geri izlemeleri captcha&#8217;lar olmadan ve ki\u015fisel bilgileri \u00fc\u00e7\u00fcnc\u00fc taraf hizmetlere g\u00f6ndermeden etkili bir \u015fekilde engeller. \u00dccretsiz, reklams\u0131z ve %100 GDPR uyumludur.<\/p>\n","protected":false},"excerpt":{"rendered":"<p>WordPress blogunuzda veya web sitenizde yorum spam&#8217;lerine elveda deyin. Antispam Bee, spam yorumlar\u0131 ve geri izlemeleri captcha&#8217;lar olmadan ve ki\u015fisel bilgileri \u00fc\u00e7\u00fcnc\u00fc taraf hizmetlere g\u00f6ndermeden etkili bir \u015fekilde engeller. \u00dccretsiz, reklams\u0131z ve %100 GDPR uyumludur.<\/p>\n","protected":false},"featured_media":12907,"comment_status":"open","ping_status":"closed","template":"","meta":[],"product_brand":[],"product_cat":[1413],"product_tag":[1424,2082,2727,2548,1634],"class_list":{"0":"post-14306","1":"product","2":"type-product","3":"status-publish","4":"has-post-thumbnail","6":"product_cat-eklentiler","7":"product_tag-anti-spam-tr","8":"product_tag-antispam-tr","9":"product_tag-spam-filtresi","10":"product_tag-spam-korumasi","11":"product_tag-yorumlar","13":"first","14":"instock","15":"downloadable","16":"virtual","17":"product-type-simple"},"_links":{"self":[{"href":"https:\/\/hexexist.com\/tr\/wp-json\/wp\/v2\/product\/14306","targetHints":{"allow":["GET"]}}],"collection":[{"href":"https:\/\/hexexist.com\/tr\/wp-json\/wp\/v2\/product"}],"about":[{"href":"https:\/\/hexexist.com\/tr\/wp-json\/wp\/v2\/types\/product"}],"replies":[{"embeddable":true,"href":"https:\/\/hexexist.com\/tr\/wp-json\/wp\/v2\/comments?post=14306"}],"wp:featuredmedia":[{"embeddable":true,"href":"https:\/\/hexexist.com\/tr\/wp-json\/wp\/v2\/media\/12907"}],"wp:attachment":[{"href":"https:\/\/hexexist.com\/tr\/wp-json\/wp\/v2\/media?parent=14306"}],"wp:term":[{"taxonomy":"product_brand","embeddable":true,"href":"https:\/\/hexexist.com\/tr\/wp-json\/wp\/v2\/product_brand?post=14306"},{"taxonomy":"product_cat","embeddable":true,"href":"https:\/\/hexexist.com\/tr\/wp-json\/wp\/v2\/product_cat?post=14306"},{"taxonomy":"product_tag","embeddable":true,"href":"https:\/\/hexexist.com\/tr\/wp-json\/wp\/v2\/product_tag?post=14306"}],"curies":[{"name":"wp","href":"https:\/\/api.w.org\/{rel}","templated":true}]}}