{"id":14308,"date":"2025-10-09T09:49:26","date_gmt":"2025-10-09T09:49:26","guid":{"rendered":"http:\/\/hexexist.com\/product\/tasima-yedekleme-evreleme-wpvivid-yedekleme-ve-tasima\/"},"modified":"2025-10-09T09:49:26","modified_gmt":"2025-10-09T09:49:26","slug":"tasima-yedekleme-evreleme-wpvivid-yedekleme-ve-tasima","status":"publish","type":"product","link":"https:\/\/hexexist.com\/tr\/urun\/tasima-yedekleme-evreleme-wpvivid-yedekleme-ve-tasima\/","title":{"rendered":"Ta\u015f\u0131ma, Yedekleme, Evreleme WPvivid Yedekleme ve Ta\u015f\u0131ma"},"content":{"rendered":"<p>WPvivid Yedekleme ve Ta\u015f\u0131ma Eklentisi, temel \u00f6zellikler olarak yedekleme, ta\u015f\u0131ma ve haz\u0131rlama (WordPress&#8217;i, eklentileri, temalar\u0131 ve web sitesi de\u011fi\u015fikliklerini g\u00fcvenli bir \u015fekilde test etmek i\u00e7in bir alt dizinde haz\u0131rlama sitesi olu\u015fturma) sunar.<\/p>\n","protected":false},"excerpt":{"rendered":"<p>WPvivid Yedekleme ve Ta\u015f\u0131ma Eklentisi, temel \u00f6zellikler olarak yedekleme, ta\u015f\u0131ma ve haz\u0131rlama (WordPress&#8217;i, eklentileri, temalar\u0131 ve web sitesi de\u011fi\u015fikliklerini g\u00fcvenli bir \u015fekilde test etmek i\u00e7in bir alt dizinde haz\u0131rlama sitesi olu\u015fturma) sunar.<\/p>\n","protected":false},"featured_media":12906,"comment_status":"open","ping_status":"closed","template":"","meta":[],"product_brand":[],"product_cat":[1413],"product_tag":[1849,1767,1943,1761,1650],"class_list":{"0":"post-14308","1":"product","2":"type-product","3":"status-publish","4":"has-post-thumbnail","6":"product_cat-eklentiler","7":"product_tag-cogaltmak","8":"product_tag-evreleme","9":"product_tag-goc-etmek","10":"product_tag-klon","11":"product_tag-yedekleme","13":"first","14":"instock","15":"downloadable","16":"virtual","17":"product-type-simple"},"_links":{"self":[{"href":"https:\/\/hexexist.com\/tr\/wp-json\/wp\/v2\/product\/14308","targetHints":{"allow":["GET"]}}],"collection":[{"href":"https:\/\/hexexist.com\/tr\/wp-json\/wp\/v2\/product"}],"about":[{"href":"https:\/\/hexexist.com\/tr\/wp-json\/wp\/v2\/types\/product"}],"replies":[{"embeddable":true,"href":"https:\/\/hexexist.com\/tr\/wp-json\/wp\/v2\/comments?post=14308"}],"wp:featuredmedia":[{"embeddable":true,"href":"https:\/\/hexexist.com\/tr\/wp-json\/wp\/v2\/media\/12906"}],"wp:attachment":[{"href":"https:\/\/hexexist.com\/tr\/wp-json\/wp\/v2\/media?parent=14308"}],"wp:term":[{"taxonomy":"product_brand","embeddable":true,"href":"https:\/\/hexexist.com\/tr\/wp-json\/wp\/v2\/product_brand?post=14308"},{"taxonomy":"product_cat","embeddable":true,"href":"https:\/\/hexexist.com\/tr\/wp-json\/wp\/v2\/product_cat?post=14308"},{"taxonomy":"product_tag","embeddable":true,"href":"https:\/\/hexexist.com\/tr\/wp-json\/wp\/v2\/product_tag?post=14308"}],"curies":[{"name":"wp","href":"https:\/\/api.w.org\/{rel}","templated":true}]}}