{"id":14310,"date":"2025-10-09T09:49:26","date_gmt":"2025-10-09T09:49:26","guid":{"rendered":"http:\/\/hexexist.com\/product\/wp-multibyte-yamasi\/"},"modified":"2025-10-09T09:49:26","modified_gmt":"2025-10-09T09:49:26","slug":"wp-multibyte-yamasi","status":"publish","type":"product","link":"https:\/\/hexexist.com\/tr\/urun\/wp-multibyte-yamasi\/","title":{"rendered":"WP Multibyte Yamas\u0131"},"content":{"rendered":"<p>WordPress Japonca paketi i\u00e7in \u00e7ok baytl\u0131 i\u015flevsellik geli\u015ftirmesi. \u65e5\u672c\u8a9e\u306e\u8aac\u660e\u3092\u8aad\u3080 <\/p>\n","protected":false},"excerpt":{"rendered":"<p>WordPress Japonca paketi i\u00e7in \u00e7ok baytl\u0131 i\u015flevsellik geli\u015ftirmesi. \u65e5\u672c\u8a9e\u306e\u8aac\u660e\u3092\u8aad\u3080<\/p>\n","protected":false},"featured_media":12905,"comment_status":"open","ping_status":"closed","template":"","meta":[],"product_brand":[],"product_cat":[1413],"product_tag":[2679,2731,2732],"class_list":{"0":"post-14310","1":"product","2":"type-product","3":"status-publish","4":"has-post-thumbnail","6":"product_cat-eklentiler","7":"product_tag-i18n-tr","8":"product_tag-japonca","9":"product_tag-multibyte-tr","11":"first","12":"instock","13":"downloadable","14":"virtual","15":"product-type-simple"},"_links":{"self":[{"href":"https:\/\/hexexist.com\/tr\/wp-json\/wp\/v2\/product\/14310","targetHints":{"allow":["GET"]}}],"collection":[{"href":"https:\/\/hexexist.com\/tr\/wp-json\/wp\/v2\/product"}],"about":[{"href":"https:\/\/hexexist.com\/tr\/wp-json\/wp\/v2\/types\/product"}],"replies":[{"embeddable":true,"href":"https:\/\/hexexist.com\/tr\/wp-json\/wp\/v2\/comments?post=14310"}],"wp:featuredmedia":[{"embeddable":true,"href":"https:\/\/hexexist.com\/tr\/wp-json\/wp\/v2\/media\/12905"}],"wp:attachment":[{"href":"https:\/\/hexexist.com\/tr\/wp-json\/wp\/v2\/media?parent=14310"}],"wp:term":[{"taxonomy":"product_brand","embeddable":true,"href":"https:\/\/hexexist.com\/tr\/wp-json\/wp\/v2\/product_brand?post=14310"},{"taxonomy":"product_cat","embeddable":true,"href":"https:\/\/hexexist.com\/tr\/wp-json\/wp\/v2\/product_cat?post=14310"},{"taxonomy":"product_tag","embeddable":true,"href":"https:\/\/hexexist.com\/tr\/wp-json\/wp\/v2\/product_tag?post=14310"}],"curies":[{"name":"wp","href":"https:\/\/api.w.org\/{rel}","templated":true}]}}