{"id":14311,"date":"2025-10-09T09:49:27","date_gmt":"2025-10-09T09:49:27","guid":{"rendered":"http:\/\/hexexist.com\/product\/ninja-forms-sizinle-birlikte-buyuyen-iletisim-formu-olusturucu\/"},"modified":"2025-10-09T09:49:27","modified_gmt":"2025-10-09T09:49:27","slug":"ninja-forms-sizinle-birlikte-buyuyen-iletisim-formu-olusturucu","status":"publish","type":"product","link":"https:\/\/hexexist.com\/tr\/urun\/ninja-forms-sizinle-birlikte-buyuyen-iletisim-formu-olusturucu\/","title":{"rendered":"Ninja Forms Sizinle Birlikte B\u00fcy\u00fcyen \u0130leti\u015fim Formu Olu\u015fturucu"},"content":{"rendered":"<p>WordPress&#8217;in en eski form olu\u015fturucular\u0131ndan biri olarak, d\u00fcnyan\u0131n d\u00f6rt bir yan\u0131ndan, hayat\u0131n her kesiminden ve \u00e7evrimi\u00e7i b\u00fcy\u00fcmenin farkl\u0131 a\u015famalar\u0131ndan kullan\u0131c\u0131lara hizmet vermekten gurur duyuyoruz. Ninja Forms&#8217;un temel kullan\u0131c\u0131 taban\u0131n\u0131 olu\u015fturan k\u00fc\u00e7\u00fck i\u015fletmeler ve yerel kar amac\u0131 g\u00fctmeyen kurulu\u015flardan \u00fcniversitelere, hastanelere ve hatta Fortune 500 \u015firketlerine kadar, ba\u015flang\u0131\u00e7tan hedefledi\u011finiz yere kadar sizinle birlikte \u00f6l\u00e7eklenece\u011fiz.<\/p>\n","protected":false},"excerpt":{"rendered":"<p>WordPress&#8217;in en eski form olu\u015fturucular\u0131ndan biri olarak, d\u00fcnyan\u0131n d\u00f6rt bir yan\u0131ndan, hayat\u0131n her kesiminden ve \u00e7evrimi\u00e7i b\u00fcy\u00fcmenin farkl\u0131 a\u015famalar\u0131ndan kullan\u0131c\u0131lara hizmet vermekten gurur duyuyoruz. Ninja Forms&#8217;un temel kullan\u0131c\u0131 taban\u0131n\u0131 olu\u015fturan k\u00fc\u00e7\u00fck i\u015fletmeler ve yerel kar amac\u0131 g\u00fctmeyen kurulu\u015flardan \u00fcniversitelere, hastanelere ve hatta Fortune 500 \u015firketlerine kadar, ba\u015flang\u0131\u00e7tan hedefledi\u011finiz yere kadar sizinle birlikte \u00f6l\u00e7eklenece\u011fiz.<\/p>\n","protected":false},"featured_media":12913,"comment_status":"open","ping_status":"closed","template":"","meta":[],"product_brand":[],"product_cat":[1413],"product_tag":[1527,1528,1524,2734,2733],"class_list":{"0":"post-14311","1":"product","2":"type-product","3":"status-publish","4":"has-post-thumbnail","6":"product_cat-eklentiler","7":"product_tag-form-olusturucu","8":"product_tag-formlar","9":"product_tag-iletisim-formu","10":"product_tag-kayit-formu","11":"product_tag-kursun-formu","13":"first","14":"instock","15":"downloadable","16":"virtual","17":"product-type-simple"},"_links":{"self":[{"href":"https:\/\/hexexist.com\/tr\/wp-json\/wp\/v2\/product\/14311","targetHints":{"allow":["GET"]}}],"collection":[{"href":"https:\/\/hexexist.com\/tr\/wp-json\/wp\/v2\/product"}],"about":[{"href":"https:\/\/hexexist.com\/tr\/wp-json\/wp\/v2\/types\/product"}],"replies":[{"embeddable":true,"href":"https:\/\/hexexist.com\/tr\/wp-json\/wp\/v2\/comments?post=14311"}],"wp:featuredmedia":[{"embeddable":true,"href":"https:\/\/hexexist.com\/tr\/wp-json\/wp\/v2\/media\/12913"}],"wp:attachment":[{"href":"https:\/\/hexexist.com\/tr\/wp-json\/wp\/v2\/media?parent=14311"}],"wp:term":[{"taxonomy":"product_brand","embeddable":true,"href":"https:\/\/hexexist.com\/tr\/wp-json\/wp\/v2\/product_brand?post=14311"},{"taxonomy":"product_cat","embeddable":true,"href":"https:\/\/hexexist.com\/tr\/wp-json\/wp\/v2\/product_cat?post=14311"},{"taxonomy":"product_tag","embeddable":true,"href":"https:\/\/hexexist.com\/tr\/wp-json\/wp\/v2\/product_tag?post=14311"}],"curies":[{"name":"wp","href":"https:\/\/api.w.org\/{rel}","templated":true}]}}