{"id":14312,"date":"2025-10-09T09:49:26","date_gmt":"2025-10-09T09:49:26","guid":{"rendered":"http:\/\/hexexist.com\/product\/woopayments-entegre-woocommerce-odemeleri\/"},"modified":"2025-10-09T09:49:26","modified_gmt":"2025-10-09T09:49:26","slug":"woopayments-entegre-woocommerce-odemeleri","status":"publish","type":"product","link":"https:\/\/hexexist.com\/tr\/urun\/woopayments-entegre-woocommerce-odemeleri\/","title":{"rendered":"WooPayments: Entegre WooCommerce \u00d6demeleri"},"content":{"rendered":"<p>WooCommerce ma\u011fazalar\u0131 i\u00e7in \u00f6zel olarak tasarlanm\u0131\u015f ayl\u0131k \u00fccret olmadan \u00f6demeler basitle\u015ftirildi.<\/p>\n","protected":false},"excerpt":{"rendered":"<p>WooCommerce ma\u011fazalar\u0131 i\u00e7in \u00f6zel olarak tasarlanm\u0131\u015f ayl\u0131k \u00fccret olmadan \u00f6demeler basitle\u015ftirildi.<\/p>\n","protected":false},"featured_media":12904,"comment_status":"open","ping_status":"closed","template":"","meta":[],"product_brand":[],"product_cat":[1413],"product_tag":[1866,1868,1707,2637,2735],"class_list":{"0":"post-14312","1":"product","2":"type-product","3":"status-publish","4":"has-post-thumbnail","6":"product_cat-eklentiler","7":"product_tag-elma-odeme","8":"product_tag-google-odeme","9":"product_tag-kredi-karti","10":"product_tag-odeme-tr","11":"product_tag-woocommerce-odemeleri","13":"first","14":"instock","15":"downloadable","16":"virtual","17":"product-type-simple"},"_links":{"self":[{"href":"https:\/\/hexexist.com\/tr\/wp-json\/wp\/v2\/product\/14312","targetHints":{"allow":["GET"]}}],"collection":[{"href":"https:\/\/hexexist.com\/tr\/wp-json\/wp\/v2\/product"}],"about":[{"href":"https:\/\/hexexist.com\/tr\/wp-json\/wp\/v2\/types\/product"}],"replies":[{"embeddable":true,"href":"https:\/\/hexexist.com\/tr\/wp-json\/wp\/v2\/comments?post=14312"}],"wp:featuredmedia":[{"embeddable":true,"href":"https:\/\/hexexist.com\/tr\/wp-json\/wp\/v2\/media\/12904"}],"wp:attachment":[{"href":"https:\/\/hexexist.com\/tr\/wp-json\/wp\/v2\/media?parent=14312"}],"wp:term":[{"taxonomy":"product_brand","embeddable":true,"href":"https:\/\/hexexist.com\/tr\/wp-json\/wp\/v2\/product_brand?post=14312"},{"taxonomy":"product_cat","embeddable":true,"href":"https:\/\/hexexist.com\/tr\/wp-json\/wp\/v2\/product_cat?post=14312"},{"taxonomy":"product_tag","embeddable":true,"href":"https:\/\/hexexist.com\/tr\/wp-json\/wp\/v2\/product_tag?post=14312"}],"curies":[{"name":"wp","href":"https:\/\/api.w.org\/{rel}","templated":true}]}}