{"id":14313,"date":"2025-10-09T09:49:27","date_gmt":"2025-10-09T09:49:27","guid":{"rendered":"http:\/\/hexexist.com\/product\/mainwp-child-birden-fazla-siteyi-yonetmek-icin-mainwp-panosuna-guvenli-bir-sekilde-baglanir\/"},"modified":"2025-10-09T09:49:27","modified_gmt":"2025-10-09T09:49:27","slug":"mainwp-child-birden-fazla-siteyi-yonetmek-icin-mainwp-panosuna-guvenli-bir-sekilde-baglanir","status":"publish","type":"product","link":"https:\/\/hexexist.com\/tr\/urun\/mainwp-child-birden-fazla-siteyi-yonetmek-icin-mainwp-panosuna-guvenli-bir-sekilde-baglanir\/","title":{"rendered":"MainWP Child Birden Fazla Siteyi Y\u00f6netmek i\u00e7in MainWP Panosuna G\u00fcvenli Bir \u015eekilde Ba\u011flan\u0131r"},"content":{"rendered":"<p>MainWP Child Plugin, y\u00f6netmek istedi\u011finiz WordPress sitelerini MainWP Dashboard&#8217;a g\u00fcvenli bir \u015fekilde ba\u011flar.<\/p>\n","protected":false},"excerpt":{"rendered":"<p>MainWP Child Plugin, y\u00f6netmek istedi\u011finiz WordPress sitelerini MainWP Dashboard&#8217;a g\u00fcvenli bir \u015fekilde ba\u011flar.<\/p>\n","protected":false},"featured_media":12912,"comment_status":"open","ping_status":"closed","template":"","meta":[],"product_brand":[],"product_cat":[1413],"product_tag":[1417,1455,2736,2737,1916],"class_list":{"0":"post-14313","1":"product","2":"type-product","3":"status-publish","4":"has-post-thumbnail","6":"product_cat-eklentiler","7":"product_tag-guncelleme","8":"product_tag-guvenlik","9":"product_tag-izleme-tr","10":"product_tag-saha-yonetimi","11":"product_tag-yedeklemeler","13":"first","14":"instock","15":"downloadable","16":"virtual","17":"product-type-simple"},"_links":{"self":[{"href":"https:\/\/hexexist.com\/tr\/wp-json\/wp\/v2\/product\/14313","targetHints":{"allow":["GET"]}}],"collection":[{"href":"https:\/\/hexexist.com\/tr\/wp-json\/wp\/v2\/product"}],"about":[{"href":"https:\/\/hexexist.com\/tr\/wp-json\/wp\/v2\/types\/product"}],"replies":[{"embeddable":true,"href":"https:\/\/hexexist.com\/tr\/wp-json\/wp\/v2\/comments?post=14313"}],"wp:featuredmedia":[{"embeddable":true,"href":"https:\/\/hexexist.com\/tr\/wp-json\/wp\/v2\/media\/12912"}],"wp:attachment":[{"href":"https:\/\/hexexist.com\/tr\/wp-json\/wp\/v2\/media?parent=14313"}],"wp:term":[{"taxonomy":"product_brand","embeddable":true,"href":"https:\/\/hexexist.com\/tr\/wp-json\/wp\/v2\/product_brand?post=14313"},{"taxonomy":"product_cat","embeddable":true,"href":"https:\/\/hexexist.com\/tr\/wp-json\/wp\/v2\/product_cat?post=14313"},{"taxonomy":"product_tag","embeddable":true,"href":"https:\/\/hexexist.com\/tr\/wp-json\/wp\/v2\/product_tag?post=14313"}],"curies":[{"name":"wp","href":"https:\/\/api.w.org\/{rel}","templated":true}]}}