{"id":14314,"date":"2025-10-09T09:49:27","date_gmt":"2025-10-09T09:49:27","guid":{"rendered":"http:\/\/hexexist.com\/product\/gtm4wp-wordpress-icin-bir-google-etiket-yoneticisi-gtm-eklentisi\/"},"modified":"2025-10-09T09:49:27","modified_gmt":"2025-10-09T09:49:27","slug":"gtm4wp-wordpress-icin-bir-google-etiket-yoneticisi-gtm-eklentisi","status":"publish","type":"product","link":"https:\/\/hexexist.com\/tr\/urun\/gtm4wp-wordpress-icin-bir-google-etiket-yoneticisi-gtm-eklentisi\/","title":{"rendered":"GTM4WP WordPress i\u00e7in bir Google Etiket Y\u00f6neticisi (GTM) eklentisi"},"content":{"rendered":"<p>Google Tag Manager (GTM), Google&#8217;\u0131n herkesin sezgisel bir web kullan\u0131c\u0131 aray\u00fcz\u00fc kullanarak analiz ve pazarlama etiketlerinin yan\u0131 s\u0131ra di\u011fer kod par\u00e7ac\u0131klar\u0131n\u0131 y\u00f6netmesi ve da\u011f\u0131tmas\u0131 i\u00e7in \u00fccretsiz bir ara\u00e7t\u0131r. Bu ara\u00e7 hakk\u0131nda daha fazla bilgi edinmek i\u00e7in resmi web sitesini ziyaret edin. <\/p>\n","protected":false},"excerpt":{"rendered":"<p>Google Tag Manager (GTM), Google&#8217;\u0131n herkesin sezgisel bir web kullan\u0131c\u0131 aray\u00fcz\u00fc kullanarak analiz ve pazarlama etiketlerinin yan\u0131 s\u0131ra di\u011fer kod par\u00e7ac\u0131klar\u0131n\u0131 y\u00f6netmesi ve da\u011f\u0131tmas\u0131 i\u00e7in \u00fccretsiz bir ara\u00e7t\u0131r. Bu ara\u00e7 hakk\u0131nda daha fazla bilgi edinmek i\u00e7in resmi web sitesini ziyaret edin.<\/p>\n","protected":false},"featured_media":12911,"comment_status":"open","ping_status":"closed","template":"","meta":[],"product_brand":[],"product_cat":[1413],"product_tag":[2741,1980,2529,2738,2740],"class_list":{"0":"post-14314","1":"product","2":"type-product","3":"status-publish","4":"has-post-thumbnail","6":"product_cat-eklentiler","7":"product_tag-etiket-yoneticisi","8":"product_tag-google-analitik","9":"product_tag-google-etiket-yoneticisi","10":"product_tag-google-reklamlari","11":"product_tag-gtm-tr","13":"first","14":"instock","15":"downloadable","16":"virtual","17":"product-type-simple"},"_links":{"self":[{"href":"https:\/\/hexexist.com\/tr\/wp-json\/wp\/v2\/product\/14314","targetHints":{"allow":["GET"]}}],"collection":[{"href":"https:\/\/hexexist.com\/tr\/wp-json\/wp\/v2\/product"}],"about":[{"href":"https:\/\/hexexist.com\/tr\/wp-json\/wp\/v2\/types\/product"}],"replies":[{"embeddable":true,"href":"https:\/\/hexexist.com\/tr\/wp-json\/wp\/v2\/comments?post=14314"}],"wp:featuredmedia":[{"embeddable":true,"href":"https:\/\/hexexist.com\/tr\/wp-json\/wp\/v2\/media\/12911"}],"wp:attachment":[{"href":"https:\/\/hexexist.com\/tr\/wp-json\/wp\/v2\/media?parent=14314"}],"wp:term":[{"taxonomy":"product_brand","embeddable":true,"href":"https:\/\/hexexist.com\/tr\/wp-json\/wp\/v2\/product_brand?post=14314"},{"taxonomy":"product_cat","embeddable":true,"href":"https:\/\/hexexist.com\/tr\/wp-json\/wp\/v2\/product_cat?post=14314"},{"taxonomy":"product_tag","embeddable":true,"href":"https:\/\/hexexist.com\/tr\/wp-json\/wp\/v2\/product_tag?post=14314"}],"curies":[{"name":"wp","href":"https:\/\/api.w.org\/{rel}","templated":true}]}}