{"id":14315,"date":"2025-10-09T09:49:29","date_gmt":"2025-10-09T09:49:29","guid":{"rendered":"http:\/\/hexexist.com\/product\/tablepress-wordpresste-tablolar-artik-cok-kolay\/"},"modified":"2025-10-09T09:49:29","modified_gmt":"2025-10-09T09:49:29","slug":"tablepress-wordpresste-tablolar-artik-cok-kolay","status":"publish","type":"product","link":"https:\/\/hexexist.com\/tr\/urun\/tablepress-wordpresste-tablolar-artik-cok-kolay\/","title":{"rendered":"TablePress WordPress&#8217;te tablolar art\u0131k \u00e7ok kolay"},"content":{"rendered":"<p>Ziyaret\u00e7ilerinizin sevece\u011fi zengin \u00f6zellikli tablolarla web sitenizi g\u00fc\u00e7lendirin!<\/p>\n","protected":false},"excerpt":{"rendered":"<p>Ziyaret\u00e7ilerinizin sevece\u011fi zengin \u00f6zellikli tablolarla web sitenizi g\u00fc\u00e7lendirin!<\/p>\n","protected":false},"featured_media":12919,"comment_status":"open","ping_status":"closed","template":"","meta":[],"product_brand":[],"product_cat":[1413],"product_tag":[1692,1608,2739,1610,1611],"class_list":{"0":"post-14315","1":"product","2":"type-product","3":"status-publish","4":"has-post-thumbnail","6":"product_cat-eklentiler","7":"product_tag-csv-tr","8":"product_tag-elektronik-tablo","9":"product_tag-excel-tr","10":"product_tag-masa","11":"product_tag-masalar","13":"first","14":"instock","15":"downloadable","16":"virtual","17":"product-type-simple"},"_links":{"self":[{"href":"https:\/\/hexexist.com\/tr\/wp-json\/wp\/v2\/product\/14315","targetHints":{"allow":["GET"]}}],"collection":[{"href":"https:\/\/hexexist.com\/tr\/wp-json\/wp\/v2\/product"}],"about":[{"href":"https:\/\/hexexist.com\/tr\/wp-json\/wp\/v2\/types\/product"}],"replies":[{"embeddable":true,"href":"https:\/\/hexexist.com\/tr\/wp-json\/wp\/v2\/comments?post=14315"}],"wp:featuredmedia":[{"embeddable":true,"href":"https:\/\/hexexist.com\/tr\/wp-json\/wp\/v2\/media\/12919"}],"wp:attachment":[{"href":"https:\/\/hexexist.com\/tr\/wp-json\/wp\/v2\/media?parent=14315"}],"wp:term":[{"taxonomy":"product_brand","embeddable":true,"href":"https:\/\/hexexist.com\/tr\/wp-json\/wp\/v2\/product_brand?post=14315"},{"taxonomy":"product_cat","embeddable":true,"href":"https:\/\/hexexist.com\/tr\/wp-json\/wp\/v2\/product_cat?post=14315"},{"taxonomy":"product_tag","embeddable":true,"href":"https:\/\/hexexist.com\/tr\/wp-json\/wp\/v2\/product_tag?post=14315"}],"curies":[{"name":"wp","href":"https:\/\/api.w.org\/{rel}","templated":true}]}}