{"id":14316,"date":"2025-10-09T09:49:29","date_gmt":"2025-10-09T09:49:29","guid":{"rendered":"http:\/\/hexexist.com\/product\/sucuri-guvenlik-denetimi-kotu-amacli-yazilim-tarayici-ve-guvenlik-guclendirme\/"},"modified":"2025-10-09T09:49:29","modified_gmt":"2025-10-09T09:49:29","slug":"sucuri-guvenlik-denetimi-kotu-amacli-yazilim-tarayici-ve-guvenlik-guclendirme","status":"publish","type":"product","link":"https:\/\/hexexist.com\/tr\/urun\/sucuri-guvenlik-denetimi-kotu-amacli-yazilim-tarayici-ve-guvenlik-guclendirme\/","title":{"rendered":"Sucuri G\u00fcvenlik Denetimi, K\u00f6t\u00fc Ama\u00e7l\u0131 Yaz\u0131l\u0131m Taray\u0131c\u0131 ve G\u00fcvenlik G\u00fc\u00e7lendirme"},"content":{"rendered":"<p>Sucuri&#8217;de, web sitenizi g\u00fcvende ve emniyette tutmaya kendimizi adad\u0131k. Koruma ve izlemeye odaklanarak, WordPress siteniz i\u00e7in potansiyel tehditlerin bir ad\u0131m \u00f6n\u00fcnde olman\u0131za yard\u0131mc\u0131 olacak \u00e7\u00f6z\u00fcmler sunuyoruz. <\/p>\n","protected":false},"excerpt":{"rendered":"<p>Sucuri&#8217;de, web sitenizi g\u00fcvende ve emniyette tutmaya kendimizi adad\u0131k. Koruma ve izlemeye odaklanarak, WordPress siteniz i\u00e7in potansiyel tehditlerin bir ad\u0131m \u00f6n\u00fcnde olman\u0131za yard\u0131mc\u0131 olacak \u00e7\u00f6z\u00fcmler sunuyoruz.<\/p>\n","protected":false},"featured_media":12918,"comment_status":"open","ping_status":"closed","template":"","meta":[],"product_brand":[],"product_cat":[1413],"product_tag":[1455,1456,1454,1541,2142],"class_list":{"0":"post-14316","1":"product","2":"type-product","3":"status-publish","4":"has-post-thumbnail","6":"product_cat-eklentiler","7":"product_tag-guvenlik","8":"product_tag-guvenlik-duvari","9":"product_tag-kotu-amacli-yazilim","10":"product_tag-spam-tr","11":"product_tag-tarama","13":"first","14":"instock","15":"downloadable","16":"virtual","17":"product-type-simple"},"_links":{"self":[{"href":"https:\/\/hexexist.com\/tr\/wp-json\/wp\/v2\/product\/14316","targetHints":{"allow":["GET"]}}],"collection":[{"href":"https:\/\/hexexist.com\/tr\/wp-json\/wp\/v2\/product"}],"about":[{"href":"https:\/\/hexexist.com\/tr\/wp-json\/wp\/v2\/types\/product"}],"replies":[{"embeddable":true,"href":"https:\/\/hexexist.com\/tr\/wp-json\/wp\/v2\/comments?post=14316"}],"wp:featuredmedia":[{"embeddable":true,"href":"https:\/\/hexexist.com\/tr\/wp-json\/wp\/v2\/media\/12918"}],"wp:attachment":[{"href":"https:\/\/hexexist.com\/tr\/wp-json\/wp\/v2\/media?parent=14316"}],"wp:term":[{"taxonomy":"product_brand","embeddable":true,"href":"https:\/\/hexexist.com\/tr\/wp-json\/wp\/v2\/product_brand?post=14316"},{"taxonomy":"product_cat","embeddable":true,"href":"https:\/\/hexexist.com\/tr\/wp-json\/wp\/v2\/product_cat?post=14316"},{"taxonomy":"product_tag","embeddable":true,"href":"https:\/\/hexexist.com\/tr\/wp-json\/wp\/v2\/product_tag?post=14316"}],"curies":[{"name":"wp","href":"https:\/\/api.w.org\/{rel}","templated":true}]}}