{"id":14317,"date":"2025-10-09T09:49:29","date_gmt":"2025-10-09T09:49:29","guid":{"rendered":"http:\/\/hexexist.com\/product\/woocommerce-paypal-odemeleri\/"},"modified":"2025-10-09T09:49:29","modified_gmt":"2025-10-09T09:49:29","slug":"woocommerce-paypal-odemeleri","status":"publish","type":"product","link":"https:\/\/hexexist.com\/tr\/urun\/woocommerce-paypal-odemeleri\/","title":{"rendered":"WooCommerce PayPal \u00d6demeleri"},"content":{"rendered":"<p>WooCommerce PayPal Payments, PayPal, Venmo (ABD), Pay Later se\u00e7enekleri, kredi ve banka kartlar\u0131 ve daha fazlas\u0131n\u0131 sunarak d\u00f6n\u00fc\u015f\u00fcmleri en \u00fcst d\u00fczeye \u00e7\u0131karman\u0131za yard\u0131mc\u0131 olacak hepsi bir arada bir \u00e7\u00f6z\u00fcmd\u00fcr.<\/p>\n","protected":false},"excerpt":{"rendered":"<p>WooCommerce PayPal Payments, PayPal, Venmo (ABD), Pay Later se\u00e7enekleri, kredi ve banka kartlar\u0131 ve daha fazlas\u0131n\u0131 sunarak d\u00f6n\u00fc\u015f\u00fcmleri en \u00fcst d\u00fczeye \u00e7\u0131karman\u0131za yard\u0131mc\u0131 olacak hepsi bir arada bir \u00e7\u00f6z\u00fcmd\u00fcr.<\/p>\n","protected":false},"featured_media":12923,"comment_status":"open","ping_status":"closed","template":"","meta":[],"product_brand":[],"product_cat":[1413],"product_tag":[1504,1707,1461,1487,1459],"class_list":{"0":"post-14317","1":"product","2":"type-product","3":"status-publish","4":"has-post-thumbnail","6":"product_cat-eklentiler","7":"product_tag-e-ticaret","8":"product_tag-kredi-karti","9":"product_tag-odemeler","10":"product_tag-paypal-tr","11":"product_tag-woocommerce-tr","13":"first","14":"instock","15":"downloadable","16":"virtual","17":"product-type-simple"},"_links":{"self":[{"href":"https:\/\/hexexist.com\/tr\/wp-json\/wp\/v2\/product\/14317","targetHints":{"allow":["GET"]}}],"collection":[{"href":"https:\/\/hexexist.com\/tr\/wp-json\/wp\/v2\/product"}],"about":[{"href":"https:\/\/hexexist.com\/tr\/wp-json\/wp\/v2\/types\/product"}],"replies":[{"embeddable":true,"href":"https:\/\/hexexist.com\/tr\/wp-json\/wp\/v2\/comments?post=14317"}],"wp:featuredmedia":[{"embeddable":true,"href":"https:\/\/hexexist.com\/tr\/wp-json\/wp\/v2\/media\/12923"}],"wp:attachment":[{"href":"https:\/\/hexexist.com\/tr\/wp-json\/wp\/v2\/media?parent=14317"}],"wp:term":[{"taxonomy":"product_brand","embeddable":true,"href":"https:\/\/hexexist.com\/tr\/wp-json\/wp\/v2\/product_brand?post=14317"},{"taxonomy":"product_cat","embeddable":true,"href":"https:\/\/hexexist.com\/tr\/wp-json\/wp\/v2\/product_cat?post=14317"},{"taxonomy":"product_tag","embeddable":true,"href":"https:\/\/hexexist.com\/tr\/wp-json\/wp\/v2\/product_tag?post=14317"}],"curies":[{"name":"wp","href":"https:\/\/api.w.org\/{rel}","templated":true}]}}