{"id":14318,"date":"2025-10-09T09:49:29","date_gmt":"2025-10-09T09:49:29","guid":{"rendered":"http:\/\/hexexist.com\/product\/royal-elementor-eklentileri-ve-sablonlari\/"},"modified":"2025-10-09T09:49:29","modified_gmt":"2025-10-09T09:49:29","slug":"royal-elementor-eklentileri-ve-sablonlari","status":"publish","type":"product","link":"https:\/\/hexexist.com\/tr\/urun\/royal-elementor-eklentileri-ve-sablonlari\/","title":{"rendered":"Royal Elementor Eklentileri ve \u015eablonlar\u0131"},"content":{"rendered":"<p>Royal Elementor eklentileri, en \u00e7ok y\u00f6nl\u00fc, sezgisel ve kullan\u0131m\u0131 kolay Pop\u00fcler Sayfa Olu\u015fturucu uzant\u0131s\u0131d\u0131r. Amac\u0131m\u0131z, di\u011fer elementor eklentilerine k\u0131yasla i\u015fleri verimli ve h\u0131zl\u0131 bir \u015fekilde ger\u00e7ekle\u015ftirmeniz i\u00e7in size ara\u00e7lar sa\u011flamakt\u0131r. Bizi se\u00e7mek sadece bir zihniyet de\u011fil, ayn\u0131 zamanda web sitenizi olu\u015ftururken rakiplerinize kar\u015f\u0131 bir avantaj elde etmek istiyorsan\u0131z bir gerekliliktir. En iyi yan\u0131, tek bir kod sat\u0131r\u0131na dokunmak zorunda kalmadan her \u015feyi tasarlayabilmenizdir.   <\/p>\n","protected":false},"excerpt":{"rendered":"<p>Royal Elementor eklentileri, en \u00e7ok y\u00f6nl\u00fc, sezgisel ve kullan\u0131m\u0131 kolay Pop\u00fcler Sayfa Olu\u015fturucu uzant\u0131s\u0131d\u0131r. Amac\u0131m\u0131z, di\u011fer elementor eklentilerine k\u0131yasla i\u015fleri verimli ve h\u0131zl\u0131 bir \u015fekilde ger\u00e7ekle\u015ftirmeniz i\u00e7in size ara\u00e7lar sa\u011flamakt\u0131r. Bizi se\u00e7mek sadece bir zihniyet de\u011fil, ayn\u0131 zamanda web sitenizi olu\u015ftururken rakiplerinize kar\u015f\u0131 bir avantaj elde etmek istiyorsan\u0131z bir gerekliliktir. En iyi yan\u0131, tek bir [&hellip;]<\/p>\n","protected":false},"featured_media":12917,"comment_status":"open","ping_status":"closed","template":"","meta":[],"product_brand":[],"product_cat":[1413],"product_tag":[1532,1537,2157,1539,1538],"class_list":{"0":"post-14318","1":"product","2":"type-product","3":"status-publish","4":"has-post-thumbnail","6":"product_cat-eklentiler","7":"product_tag-elementor-tr","8":"product_tag-elementor-eklentileri","9":"product_tag-elementor-icin-widgetlar","10":"product_tag-elementor-sablonlari","11":"product_tag-elementor-widgetlari","13":"first","14":"instock","15":"downloadable","16":"virtual","17":"product-type-simple"},"_links":{"self":[{"href":"https:\/\/hexexist.com\/tr\/wp-json\/wp\/v2\/product\/14318","targetHints":{"allow":["GET"]}}],"collection":[{"href":"https:\/\/hexexist.com\/tr\/wp-json\/wp\/v2\/product"}],"about":[{"href":"https:\/\/hexexist.com\/tr\/wp-json\/wp\/v2\/types\/product"}],"replies":[{"embeddable":true,"href":"https:\/\/hexexist.com\/tr\/wp-json\/wp\/v2\/comments?post=14318"}],"wp:featuredmedia":[{"embeddable":true,"href":"https:\/\/hexexist.com\/tr\/wp-json\/wp\/v2\/media\/12917"}],"wp:attachment":[{"href":"https:\/\/hexexist.com\/tr\/wp-json\/wp\/v2\/media?parent=14318"}],"wp:term":[{"taxonomy":"product_brand","embeddable":true,"href":"https:\/\/hexexist.com\/tr\/wp-json\/wp\/v2\/product_brand?post=14318"},{"taxonomy":"product_cat","embeddable":true,"href":"https:\/\/hexexist.com\/tr\/wp-json\/wp\/v2\/product_cat?post=14318"},{"taxonomy":"product_tag","embeddable":true,"href":"https:\/\/hexexist.com\/tr\/wp-json\/wp\/v2\/product_tag?post=14318"}],"curies":[{"name":"wp","href":"https:\/\/api.w.org\/{rel}","templated":true}]}}