{"id":14319,"date":"2025-10-09T09:49:29","date_gmt":"2025-10-09T09:49:29","guid":{"rendered":"http:\/\/hexexist.com\/product\/kullanici-rolu-editoru\/"},"modified":"2025-10-09T09:49:29","modified_gmt":"2025-10-09T09:49:29","slug":"kullanici-rolu-editoru","status":"publish","type":"product","link":"https:\/\/hexexist.com\/tr\/urun\/kullanici-rolu-editoru\/","title":{"rendered":"Kullan\u0131c\u0131 Rol\u00fc Edit\u00f6r\u00fc"},"content":{"rendered":"<p>User Role Editor WordPress eklentisi, kullan\u0131c\u0131 rollerini ve yeteneklerini kolayca de\u011fi\u015ftirmenizi sa\u011flar. Sadece se\u00e7ilen role eklemek istedi\u011finiz yeteneklerin onay kutular\u0131n\u0131 a\u00e7\u0131n ve de\u011fi\u015fikliklerinizi kaydetmek i\u00e7in G\u00fcncelle d\u00fc\u011fmesine t\u0131klay\u0131n. \u0130\u015fte bu kadar. Mevcut ba\u015fka bir rol\u00fcn kopyas\u0131 olarak s\u0131f\u0131rdan yeni roller ekleyin ve yeteneklerini ihtiya\u00e7lar\u0131n\u0131za g\u00f6re \u00f6zelle\u015ftirin. Gereksiz kendi olu\u015fturdu\u011funuz rol, bu rol\u00fcn atand\u0131\u011f\u0131 kullan\u0131c\u0131 yoksa silinebilir. Her yeni olu\u015fturulan kullan\u0131c\u0131ya varsay\u0131lan olarak atanan rol de de\u011fi\u015ftirilebilir. Yetenekler kullan\u0131c\u0131 baz\u0131nda atanabilir. Kullan\u0131c\u0131ya ayn\u0131 anda birden fazla rol atanabilir. Yeni yetenekler ekleyebilir ve kald\u0131r\u0131lm\u0131\u015f eklentilerden kalan gereksiz yetenekleri kald\u0131rabilirsiniz. \u00c7oklu site deste\u011fi sa\u011flanmaktad\u0131r.<\/p>\n","protected":false},"excerpt":{"rendered":"<p>User Role Editor WordPress eklentisi, kullan\u0131c\u0131 rollerini ve yeteneklerini kolayca de\u011fi\u015ftirmenizi sa\u011flar. Sadece se\u00e7ilen role eklemek istedi\u011finiz yeteneklerin onay kutular\u0131n\u0131 a\u00e7\u0131n ve de\u011fi\u015fikliklerinizi kaydetmek i\u00e7in G\u00fcncelle d\u00fc\u011fmesine t\u0131klay\u0131n. \u0130\u015fte bu kadar. Mevcut ba\u015fka bir rol\u00fcn kopyas\u0131 olarak s\u0131f\u0131rdan yeni roller ekleyin ve yeteneklerini ihtiya\u00e7lar\u0131n\u0131za g\u00f6re \u00f6zelle\u015ftirin. Gereksiz kendi olu\u015fturdu\u011funuz rol, bu rol\u00fcn atand\u0131\u011f\u0131 kullan\u0131c\u0131 yoksa [&hellip;]<\/p>\n","protected":false},"featured_media":12922,"comment_status":"open","ping_status":"closed","template":"","meta":[],"product_brand":[],"product_cat":[1413],"product_tag":[1771,2623,1455,1829,2742],"class_list":{"0":"post-14319","1":"product","2":"type-product","3":"status-publish","4":"has-post-thumbnail","6":"product_cat-eklentiler","7":"product_tag-editor-tr","8":"product_tag-erisim","9":"product_tag-guvenlik","10":"product_tag-kullanici","11":"product_tag-rol","13":"first","14":"instock","15":"downloadable","16":"virtual","17":"product-type-simple"},"_links":{"self":[{"href":"https:\/\/hexexist.com\/tr\/wp-json\/wp\/v2\/product\/14319","targetHints":{"allow":["GET"]}}],"collection":[{"href":"https:\/\/hexexist.com\/tr\/wp-json\/wp\/v2\/product"}],"about":[{"href":"https:\/\/hexexist.com\/tr\/wp-json\/wp\/v2\/types\/product"}],"replies":[{"embeddable":true,"href":"https:\/\/hexexist.com\/tr\/wp-json\/wp\/v2\/comments?post=14319"}],"wp:featuredmedia":[{"embeddable":true,"href":"https:\/\/hexexist.com\/tr\/wp-json\/wp\/v2\/media\/12922"}],"wp:attachment":[{"href":"https:\/\/hexexist.com\/tr\/wp-json\/wp\/v2\/media?parent=14319"}],"wp:term":[{"taxonomy":"product_brand","embeddable":true,"href":"https:\/\/hexexist.com\/tr\/wp-json\/wp\/v2\/product_brand?post=14319"},{"taxonomy":"product_cat","embeddable":true,"href":"https:\/\/hexexist.com\/tr\/wp-json\/wp\/v2\/product_cat?post=14319"},{"taxonomy":"product_tag","embeddable":true,"href":"https:\/\/hexexist.com\/tr\/wp-json\/wp\/v2\/product_tag?post=14319"}],"curies":[{"name":"wp","href":"https:\/\/api.w.org\/{rel}","templated":true}]}}