{"id":14320,"date":"2025-10-09T09:49:30","date_gmt":"2025-10-09T09:49:30","guid":{"rendered":"http:\/\/hexexist.com\/product\/kolay-icindekiler-tablosu\/"},"modified":"2025-10-09T09:49:30","modified_gmt":"2025-10-09T09:49:30","slug":"kolay-icindekiler-tablosu","status":"publish","type":"product","link":"https:\/\/hexexist.com\/tr\/urun\/kolay-icindekiler-tablosu\/","title":{"rendered":"Kolay \u0130\u00e7indekiler Tablosu"},"content":{"rendered":"<p>Yaz\u0131lar\u0131n\u0131za, sayfalar\u0131n\u0131za ve \u00f6zel yaz\u0131 t\u00fcrlerinize bir i\u00e7indekiler tablosu eklemenizi sa\u011flayan kullan\u0131c\u0131 dostu, \u00f6zellik odakl\u0131 Easy Table of Contents eklentisi.<\/p>\n","protected":false},"excerpt":{"rendered":"<p>Yaz\u0131lar\u0131n\u0131za, sayfalar\u0131n\u0131za ve \u00f6zel yaz\u0131 t\u00fcrlerinize bir i\u00e7indekiler tablosu eklemenizi sa\u011flayan kullan\u0131c\u0131 dostu, \u00f6zellik odakl\u0131 Easy Table of Contents eklentisi.<\/p>\n","protected":false},"featured_media":12930,"comment_status":"open","ping_status":"closed","template":"","meta":[],"product_brand":[],"product_cat":[1413],"product_tag":[1863,1864],"class_list":{"0":"post-14320","1":"product","2":"type-product","3":"status-publish","4":"has-post-thumbnail","6":"product_cat-eklentiler","7":"product_tag-icindekiler","8":"product_tag-toc-tr","10":"first","11":"instock","12":"downloadable","13":"virtual","14":"product-type-simple"},"_links":{"self":[{"href":"https:\/\/hexexist.com\/tr\/wp-json\/wp\/v2\/product\/14320","targetHints":{"allow":["GET"]}}],"collection":[{"href":"https:\/\/hexexist.com\/tr\/wp-json\/wp\/v2\/product"}],"about":[{"href":"https:\/\/hexexist.com\/tr\/wp-json\/wp\/v2\/types\/product"}],"replies":[{"embeddable":true,"href":"https:\/\/hexexist.com\/tr\/wp-json\/wp\/v2\/comments?post=14320"}],"wp:featuredmedia":[{"embeddable":true,"href":"https:\/\/hexexist.com\/tr\/wp-json\/wp\/v2\/media\/12930"}],"wp:attachment":[{"href":"https:\/\/hexexist.com\/tr\/wp-json\/wp\/v2\/media?parent=14320"}],"wp:term":[{"taxonomy":"product_brand","embeddable":true,"href":"https:\/\/hexexist.com\/tr\/wp-json\/wp\/v2\/product_brand?post=14320"},{"taxonomy":"product_cat","embeddable":true,"href":"https:\/\/hexexist.com\/tr\/wp-json\/wp\/v2\/product_cat?post=14320"},{"taxonomy":"product_tag","embeddable":true,"href":"https:\/\/hexexist.com\/tr\/wp-json\/wp\/v2\/product_tag?post=14320"}],"curies":[{"name":"wp","href":"https:\/\/api.w.org\/{rel}","templated":true}]}}