{"id":14321,"date":"2025-10-09T09:49:29","date_gmt":"2025-10-09T09:49:29","guid":{"rendered":"http:\/\/hexexist.com\/product\/yapim-asamasinda\/"},"modified":"2025-10-09T09:49:29","modified_gmt":"2025-10-09T09:49:29","slug":"yapim-asamasinda","status":"publish","type":"product","link":"https:\/\/hexexist.com\/tr\/urun\/yapim-asamasinda\/","title":{"rendered":"Yap\u0131m A\u015famas\u0131nda"},"content":{"rendered":"<p>Kurulumu ve yap\u0131land\u0131rmas\u0131 bir dakikadan k\u0131sa s\u00fcren bir Yap\u0131m A\u015famas\u0131nda Sayfas\u0131, Bak\u0131m Modu Sayfas\u0131, Yak\u0131nda Sayfas\u0131 veya A\u00e7\u0131l\u0131\u015f Sayfas\u0131 olu\u015fturun. Under Construction zaman\u0131n\u0131z\u0131 bo\u015fa harcamayacak! Kullan\u0131c\u0131lar\u0131n sevdi\u011fi harika \u015fablonlarla basit, h\u0131zl\u0131, verimli ve kullan\u0131c\u0131 dostudur. Under Construction, GDPR uyumlulu\u011fu i\u00e7in Bunny Fonts kullan\u0131r.   <\/p>\n","protected":false},"excerpt":{"rendered":"<p>Kurulumu ve yap\u0131land\u0131rmas\u0131 bir dakikadan k\u0131sa s\u00fcren bir Yap\u0131m A\u015famas\u0131nda Sayfas\u0131, Bak\u0131m Modu Sayfas\u0131, Yak\u0131nda Sayfas\u0131 veya A\u00e7\u0131l\u0131\u015f Sayfas\u0131 olu\u015fturun. Under Construction zaman\u0131n\u0131z\u0131 bo\u015fa harcamayacak! Kullan\u0131c\u0131lar\u0131n sevdi\u011fi harika \u015fablonlarla basit, h\u0131zl\u0131, verimli ve kullan\u0131c\u0131 dostudur. Under Construction, GDPR uyumlulu\u011fu i\u00e7in Bunny Fonts kullan\u0131r.<\/p>\n","protected":false},"featured_media":12921,"comment_status":"open","ping_status":"closed","template":"","meta":[],"product_brand":[],"product_cat":[1413],"product_tag":[1858,1856,2337,2743,2744],"class_list":{"0":"post-14321","1":"product","2":"type-product","3":"status-publish","4":"has-post-thumbnail","6":"product_cat-eklentiler","7":"product_tag-cok-yakinda-modu","8":"product_tag-cok-yakinda-sayfasi","9":"product_tag-yapim-asamasinda","10":"product_tag-yapim-asamasinda-tr","11":"product_tag-yapim-asamasinda-sayfasi","13":"first","14":"instock","15":"downloadable","16":"virtual","17":"product-type-simple"},"_links":{"self":[{"href":"https:\/\/hexexist.com\/tr\/wp-json\/wp\/v2\/product\/14321","targetHints":{"allow":["GET"]}}],"collection":[{"href":"https:\/\/hexexist.com\/tr\/wp-json\/wp\/v2\/product"}],"about":[{"href":"https:\/\/hexexist.com\/tr\/wp-json\/wp\/v2\/types\/product"}],"replies":[{"embeddable":true,"href":"https:\/\/hexexist.com\/tr\/wp-json\/wp\/v2\/comments?post=14321"}],"wp:featuredmedia":[{"embeddable":true,"href":"https:\/\/hexexist.com\/tr\/wp-json\/wp\/v2\/media\/12921"}],"wp:attachment":[{"href":"https:\/\/hexexist.com\/tr\/wp-json\/wp\/v2\/media?parent=14321"}],"wp:term":[{"taxonomy":"product_brand","embeddable":true,"href":"https:\/\/hexexist.com\/tr\/wp-json\/wp\/v2\/product_brand?post=14321"},{"taxonomy":"product_cat","embeddable":true,"href":"https:\/\/hexexist.com\/tr\/wp-json\/wp\/v2\/product_cat?post=14321"},{"taxonomy":"product_tag","embeddable":true,"href":"https:\/\/hexexist.com\/tr\/wp-json\/wp\/v2\/product_tag?post=14321"}],"curies":[{"name":"wp","href":"https:\/\/api.w.org\/{rel}","templated":true}]}}