{"id":14322,"date":"2025-10-09T09:49:29","date_gmt":"2025-10-09T09:49:29","guid":{"rendered":"http:\/\/hexexist.com\/product\/etkinlik-takvimi\/"},"modified":"2025-10-09T09:49:29","modified_gmt":"2025-10-09T09:49:29","slug":"etkinlik-takvimi","status":"publish","type":"product","link":"https:\/\/hexexist.com\/tr\/urun\/etkinlik-takvimi\/","title":{"rendered":"Etkinlik Takvimi"},"content":{"rendered":"<p>The Events Calendar \u00fccretsiz eklentisi ile WordPress sitenizde kolayca bir etkinlik takvimi olu\u015fturun ve y\u00f6netin. Etkinlikleriniz ister y\u00fcz y\u00fcze ister sanal etkinlikler olsun, bu WordPress takvim eklentisi birinci s\u0131n\u0131f geli\u015ftirici ve tasar\u0131mc\u0131 ekibimiz taraf\u0131ndan desteklenen profesyonel \u00f6zelliklere sahiptir. <\/p>\n","protected":false},"excerpt":{"rendered":"<p>The Events Calendar \u00fccretsiz eklentisi ile WordPress sitenizde kolayca bir etkinlik takvimi olu\u015fturun ve y\u00f6netin. Etkinlikleriniz ister y\u00fcz y\u00fcze ister sanal etkinlikler olsun, bu WordPress takvim eklentisi birinci s\u0131n\u0131f geli\u015ftirici ve tasar\u0131mc\u0131 ekibimiz taraf\u0131ndan desteklenen profesyonel \u00f6zelliklere sahiptir.<\/p>\n","protected":false},"featured_media":12920,"comment_status":"open","ping_status":"closed","template":"","meta":[],"product_brand":[],"product_cat":[1413],"product_tag":[2745,1660,2746,2010,1659],"class_list":{"0":"post-14322","1":"product","2":"type-product","3":"status-publish","4":"has-post-thumbnail","6":"product_cat-eklentiler","7":"product_tag-etkinlik","8":"product_tag-olaylar","9":"product_tag-organizator","10":"product_tag-program","11":"product_tag-takvim","13":"first","14":"instock","15":"downloadable","16":"virtual","17":"product-type-simple"},"_links":{"self":[{"href":"https:\/\/hexexist.com\/tr\/wp-json\/wp\/v2\/product\/14322","targetHints":{"allow":["GET"]}}],"collection":[{"href":"https:\/\/hexexist.com\/tr\/wp-json\/wp\/v2\/product"}],"about":[{"href":"https:\/\/hexexist.com\/tr\/wp-json\/wp\/v2\/types\/product"}],"replies":[{"embeddable":true,"href":"https:\/\/hexexist.com\/tr\/wp-json\/wp\/v2\/comments?post=14322"}],"wp:featuredmedia":[{"embeddable":true,"href":"https:\/\/hexexist.com\/tr\/wp-json\/wp\/v2\/media\/12920"}],"wp:attachment":[{"href":"https:\/\/hexexist.com\/tr\/wp-json\/wp\/v2\/media?parent=14322"}],"wp:term":[{"taxonomy":"product_brand","embeddable":true,"href":"https:\/\/hexexist.com\/tr\/wp-json\/wp\/v2\/product_brand?post=14322"},{"taxonomy":"product_cat","embeddable":true,"href":"https:\/\/hexexist.com\/tr\/wp-json\/wp\/v2\/product_cat?post=14322"},{"taxonomy":"product_tag","embeddable":true,"href":"https:\/\/hexexist.com\/tr\/wp-json\/wp\/v2\/product_tag?post=14322"}],"curies":[{"name":"wp","href":"https:\/\/api.w.org\/{rel}","templated":true}]}}