{"id":14323,"date":"2025-10-09T09:49:30","date_gmt":"2025-10-09T09:49:30","guid":{"rendered":"http:\/\/hexexist.com\/product\/gutenbergi-devre-disi-birak\/"},"modified":"2025-10-09T09:49:30","modified_gmt":"2025-10-09T09:49:30","slug":"gutenbergi-devre-disi-birak","status":"publish","type":"product","link":"https:\/\/hexexist.com\/tr\/urun\/gutenbergi-devre-disi-birak\/","title":{"rendered":"Gutenberg&#8217;i Devre D\u0131\u015f\u0131 B\u0131rak"},"content":{"rendered":"<p>Bu eklenti yeni Gutenberg D\u00fczenleyiciyi (di\u011fer ad\u0131yla Blok D\u00fczenleyici) devre d\u0131\u015f\u0131 b\u0131rak\u0131r ve Klasik D\u00fczenleyici ile de\u011fi\u015ftirir. Gutenberg&#8217;i tamamen devre d\u0131\u015f\u0131 b\u0131rakabilir veya yaz\u0131lar, sayfalar, roller, yaz\u0131 t\u00fcrleri ve tema \u015fablonlar\u0131 i\u00e7in se\u00e7erek devre d\u0131\u015f\u0131 b\u0131rakabilirsiniz. Ayr\u0131ca Gutenberg nag&#8217;\u0131n\u0131, men\u00fc \u00f6\u011fesini ve daha fazlas\u0131n\u0131 gizleyebilirsiniz!  <\/p>\n","protected":false},"excerpt":{"rendered":"<p>Bu eklenti yeni Gutenberg D\u00fczenleyiciyi (di\u011fer ad\u0131yla Blok D\u00fczenleyici) devre d\u0131\u015f\u0131 b\u0131rak\u0131r ve Klasik D\u00fczenleyici ile de\u011fi\u015ftirir. Gutenberg&#8217;i tamamen devre d\u0131\u015f\u0131 b\u0131rakabilir veya yaz\u0131lar, sayfalar, roller, yaz\u0131 t\u00fcrleri ve tema \u015fablonlar\u0131 i\u00e7in se\u00e7erek devre d\u0131\u015f\u0131 b\u0131rakabilirsiniz. Ayr\u0131ca Gutenberg nag&#8217;\u0131n\u0131, men\u00fc \u00f6\u011fesini ve daha fazlas\u0131n\u0131 gizleyebilirsiniz!<\/p>\n","protected":false},"featured_media":12929,"comment_status":"open","ping_status":"closed","template":"","meta":[],"product_brand":[],"product_cat":[1413],"product_tag":[1769,1771,1526,2656],"class_list":{"0":"post-14323","1":"product","2":"type-product","3":"status-publish","4":"has-post-thumbnail","6":"product_cat-eklentiler","7":"product_tag-blok-duzenleyici","8":"product_tag-editor-tr","9":"product_tag-gutenberg-tr","10":"product_tag-klasik-editor","12":"first","13":"instock","14":"downloadable","15":"virtual","16":"product-type-simple"},"_links":{"self":[{"href":"https:\/\/hexexist.com\/tr\/wp-json\/wp\/v2\/product\/14323","targetHints":{"allow":["GET"]}}],"collection":[{"href":"https:\/\/hexexist.com\/tr\/wp-json\/wp\/v2\/product"}],"about":[{"href":"https:\/\/hexexist.com\/tr\/wp-json\/wp\/v2\/types\/product"}],"replies":[{"embeddable":true,"href":"https:\/\/hexexist.com\/tr\/wp-json\/wp\/v2\/comments?post=14323"}],"wp:featuredmedia":[{"embeddable":true,"href":"https:\/\/hexexist.com\/tr\/wp-json\/wp\/v2\/media\/12929"}],"wp:attachment":[{"href":"https:\/\/hexexist.com\/tr\/wp-json\/wp\/v2\/media?parent=14323"}],"wp:term":[{"taxonomy":"product_brand","embeddable":true,"href":"https:\/\/hexexist.com\/tr\/wp-json\/wp\/v2\/product_brand?post=14323"},{"taxonomy":"product_cat","embeddable":true,"href":"https:\/\/hexexist.com\/tr\/wp-json\/wp\/v2\/product_cat?post=14323"},{"taxonomy":"product_tag","embeddable":true,"href":"https:\/\/hexexist.com\/tr\/wp-json\/wp\/v2\/product_tag?post=14323"}],"curies":[{"name":"wp","href":"https:\/\/api.w.org\/{rel}","templated":true}]}}