{"id":14324,"date":"2025-10-08T14:07:24","date_gmt":"2025-10-08T14:07:24","guid":{"rendered":"http:\/\/hexexist.com\/product\/popularfx\/"},"modified":"2025-10-14T18:15:40","modified_gmt":"2025-10-14T18:15:40","slug":"popularfx","status":"publish","type":"product","link":"https:\/\/hexexist.com\/tr\/urun\/popularfx\/","title":{"rendered":"PopularFX"},"content":{"rendered":"\n<p>Pagelayer ile g\u00fczel web siteleri yapmak i\u00e7in hafif tema. Hayalinizdeki web sitesini tasarlamak i\u00e7in 100&#8217;lerce \u00f6nceden haz\u0131rlanm\u0131\u015f \u015fablon i\u00e7erir! <\/p>\n","protected":false},"excerpt":{"rendered":"<p>Pagelayer ile g\u00fczel web siteleri yapmak i\u00e7in hafif tema. Hayalinizdeki web sitesini tasarlamak i\u00e7in 100&#8217;lerce \u00f6nceden haz\u0131rlanm\u0131\u015f \u015fablon i\u00e7erir!<\/p>\n","protected":false},"featured_media":12728,"comment_status":"open","ping_status":"closed","template":"","meta":[],"product_brand":[],"product_cat":[1415,1416],"product_tag":[2651,1575,2648,2647,2747,2751,2649,2752,2644,2642,2653,2643,2749,2750,2646,2650,2748,2709],"class_list":{"0":"post-14324","1":"product","2":"type-product","3":"status-publish","4":"has-post-thumbnail","6":"product_cat-temalar","7":"product_cat-wordpress-tr","8":"product_tag-bir-sutun","9":"product_tag-blog-tr","10":"product_tag-ceviri-hazir","11":"product_tag-disli-yorumlar","12":"product_tag-e-ticaret-tr","13":"product_tag-eglence","14":"product_tag-iki-sutun","15":"product_tag-mikroformatlar","16":"product_tag-one-cikan-gorseller","17":"product_tag-ozel-arka-plan","18":"product_tag-ozel-logo","19":"product_tag-ozel-menu","20":"product_tag-post-formatlari","21":"product_tag-rtl-dil-destegi","22":"product_tag-sag-kenar-cubugu","23":"product_tag-sol-kenar-cubugu","24":"product_tag-tam-genislikte-sablon","25":"product_tag-tema-secenekleri","27":"first","28":"instock","29":"downloadable","30":"virtual","31":"product-type-simple"},"_links":{"self":[{"href":"https:\/\/hexexist.com\/tr\/wp-json\/wp\/v2\/product\/14324","targetHints":{"allow":["GET"]}}],"collection":[{"href":"https:\/\/hexexist.com\/tr\/wp-json\/wp\/v2\/product"}],"about":[{"href":"https:\/\/hexexist.com\/tr\/wp-json\/wp\/v2\/types\/product"}],"replies":[{"embeddable":true,"href":"https:\/\/hexexist.com\/tr\/wp-json\/wp\/v2\/comments?post=14324"}],"wp:featuredmedia":[{"embeddable":true,"href":"https:\/\/hexexist.com\/tr\/wp-json\/wp\/v2\/media\/12728"}],"wp:attachment":[{"href":"https:\/\/hexexist.com\/tr\/wp-json\/wp\/v2\/media?parent=14324"}],"wp:term":[{"taxonomy":"product_brand","embeddable":true,"href":"https:\/\/hexexist.com\/tr\/wp-json\/wp\/v2\/product_brand?post=14324"},{"taxonomy":"product_cat","embeddable":true,"href":"https:\/\/hexexist.com\/tr\/wp-json\/wp\/v2\/product_cat?post=14324"},{"taxonomy":"product_tag","embeddable":true,"href":"https:\/\/hexexist.com\/tr\/wp-json\/wp\/v2\/product_tag?post=14324"}],"curies":[{"name":"wp","href":"https:\/\/api.w.org\/{rel}","templated":true}]}}